{"id":5101,"date":"2023-08-21T14:38:33","date_gmt":"2023-08-21T12:38:33","guid":{"rendered":"https:\/\/germanys.saarland\/mentions-legales\/"},"modified":"2026-04-01T15:46:37","modified_gmt":"2026-04-01T13:46:37","slug":"mentions-legales","status":"publish","type":"page","link":"https:\/\/germanys.saarland\/fr\/mentions-legales\/","title":{"rendered":"Mentions l\u00e9gales"},"content":{"rendered":"\t\t<div data-elementor-type=\"wp-page\" data-elementor-id=\"5101\" class=\"elementor elementor-5101 elementor-2953\" data-elementor-post-type=\"page\">\n\t\t\t\t<div class=\"elementor-element elementor-element-db84487 e-flex e-con-boxed e-con e-parent\" data-id=\"db84487\" data-element_type=\"container\" data-e-type=\"container\">\n\t\t\t\t\t<div class=\"e-con-inner\">\n\t\t\t\t<div class=\"elementor-element elementor-element-f94107c elementor-widget elementor-widget-heading\" data-id=\"f94107c\" data-element_type=\"widget\" data-e-type=\"widget\" data-widget_type=\"heading.default\">\n\t\t\t\t<div class=\"elementor-widget-container\">\n\t\t\t\t\t<h1 class=\"elementor-heading-title elementor-size-default\">Mentions l\u00e9gales<\/h1>\t\t\t\t<\/div>\n\t\t\t\t<\/div>\n\t\t\t\t<div class=\"elementor-element elementor-element-f06c0e5 elementor-widget elementor-widget-text-editor\" data-id=\"f06c0e5\" data-element_type=\"widget\" data-e-type=\"widget\" data-widget_type=\"text-editor.default\">\n\t\t\t\t<div class=\"elementor-widget-container\">\n\t\t\t\t\t\t\t\t\t<p><strong>Exploitant du site au sens du \u00a7 5 de la loi allemande sur les m\u00e9dias \u00e9lectroniques (TMG)<br><\/strong>SHS Strukturholding Saar GmbH<br>Rue Balthasar Goldstein 31<br>66131 Sarrebruck<br>Allemagne <\/p><p>T\u00e9l. : +49 (0)6893\/9899 600<br>Courrier \u00e9lectronique : info@strukturholding.de<\/p><p>Site web : <a href=\"https:\/\/www.strukturholding.de\/\" target=\"_blank\" rel=\"noopener\">www.strukturholding.de<\/a><\/p><p><strong>Direction de l\u2019entreprise :<br><\/strong>Rita Gindorf-Wagner<br>Thomas Schuck<br>Valentin Holzer<\/p><p><strong>Pr\u00e9sident du conseil de surveillance :<br><\/strong>J\u00fcrgen Barke<\/p><p><strong>Registre du commerce:Tribunal d\u2019enregistrement : Tribunal d\u2019instance de Sarrebruck<br>Num\u00e9ro d\u2019enregistrement : HRB 11194<\/strong><\/p><p><strong>Num\u00e9ro d\u2019identification de la taxe sur le chiffre d\u2019affaires conform\u00e9ment au \u00a7 27 a de la loi sur la taxe sur le chiffre d\u2019affaires :<br><\/strong>FR 191937540<\/p><p><strong>Responsable du contenu conform\u00e9ment au \u00a7 18 alin\u00e9a 2 MStV<\/strong><strong> :<br><\/strong>Dr. Jochen Wagner<br>Rue Balthasar Goldstein 31<br>66131 Sarrebruck<br>Allemagne <\/p><p><strong>Droits d\u2019auteur et cr\u00e9dits photographiques :<br><\/strong>Sauf indication contraire, les contenus de www.germanys.saarland sont prot\u00e9g\u00e9s par des droits d\u2019auteur.<br>Les photographies utilis\u00e9es sont, le cas \u00e9ch\u00e9ant, signal\u00e9es par des cr\u00e9dits photographiques ou mentionn\u00e9es ci-dessous, dans la mesure o\u00f9 elles n\u2019ont pas \u00e9t\u00e9 r\u00e9alis\u00e9es par le site lui-m\u00eame.<br>L\u2019utilisation de photographies sur des sites tiers n\u2019est possible que dans le cadre de la licence respective des auteurs.<br>Images avec l\u2019aimable autorisation de :  <\/p><ul><li>gwSaar<\/li><li>Minist\u00e8re de l&rsquo;\u00c9conomie, de l&rsquo;Innovation, du Num\u00e9rique et de l&rsquo;\u00c9nergie de la Sarre<\/li><li>Office du tourisme de la Sarre<\/li><li>Kevin Ehm<\/li><li>Bastian Dittrich<\/li><li>Eike Dubois<\/li><li>ZeMA Centre pour la m\u00e9catronique et l&rsquo;automatisation<\/li><li>VJS Media<\/li><li>Bedeschi<\/li><li>nobilia<\/li><li>Jennifer Weyland<\/li><li>Oddo BHF<\/li><li>Wolfspeed<\/li><li><span class=\"ui-provider a b c d e f g h i j k l m n o p q r s t u v w x y z ab ac ae af ag ah ai aj ak\" dir=\"ltr\">Oliver Dietze<\/span><\/li><\/ul><p><strong>Conception, design &amp; d\u00e9veloppement<br><\/strong>STAUB Werbeagentur GmbH, Berlin<br>T\u00e9l. : +49 (0)30 \u2013 89 40 22 00<br>Courrier \u00e9lectronique : hello@staub-berlin.de<br>Site web : <a href=\"https:\/\/www.staub-berlin.de\/\" target=\"_blank\" rel=\"noopener\">www.staub-berlin.de<\/a><\/p>\t\t\t\t\t\t\t\t<\/div>\n\t\t\t\t<\/div>\n\t\t\t\t\t<\/div>\n\t\t\t\t<\/div>\n\t\t<div class=\"elementor-element elementor-element-29870d3 e-con-full e-flex e-con e-parent\" data-id=\"29870d3\" data-element_type=\"container\" data-e-type=\"container\">\n\t\t\t\t<div class=\"elementor-element elementor-element-f9a8f57 elementor-widget elementor-widget-template\" data-id=\"f9a8f57\" data-element_type=\"widget\" data-e-type=\"widget\" data-widget_type=\"template.default\">\n\t\t\t\t<div class=\"elementor-widget-container\">\n\t\t\t\t\t\t\t<div class=\"elementor-template\">\n\t\t\t\t\t<div data-elementor-type=\"container\" data-elementor-id=\"8613\" class=\"elementor elementor-8613 elementor-8281 elementor-8281\" data-elementor-post-type=\"elementor_library\">\n\t\t\t\t<div class=\"elementor-element elementor-element-fd4a490 e-flex e-con-boxed e-con e-parent\" data-id=\"fd4a490\" data-element_type=\"container\" data-e-type=\"container\" data-settings=\"{&quot;background_background&quot;:&quot;classic&quot;}\">\n\t\t\t\t\t<div class=\"e-con-inner\">\n\t\t<div class=\"elementor-element elementor-element-1032bbb e-con-full e-flex e-con e-child\" data-id=\"1032bbb\" data-element_type=\"container\" data-e-type=\"container\">\n\t\t\t\t<div class=\"elementor-element elementor-element-5e8871a elementor-widget elementor-widget-heading\" data-id=\"5e8871a\" data-element_type=\"widget\" data-e-type=\"widget\" data-widget_type=\"heading.default\">\n\t\t\t\t<div class=\"elementor-widget-container\">\n\t\t\t\t\t<p class=\"elementor-heading-title elementor-size-default\">Ensemble pour votre succ\u00e8s.<\/p>\t\t\t\t<\/div>\n\t\t\t\t<\/div>\n\t\t\t\t<div class=\"elementor-element elementor-element-6426c24 elementor-widget elementor-widget-heading\" data-id=\"6426c24\" data-element_type=\"widget\" data-e-type=\"widget\" data-widget_type=\"heading.default\">\n\t\t\t\t<div class=\"elementor-widget-container\">\n\t\t\t\t\t<p class=\"elementor-heading-title elementor-size-default\">Nous vous aidons \u00e0 concr\u00e9tiser vos id\u00e9es et visions et \u00e0 r\u00e9aliser vos projets.<\/p>\t\t\t\t<\/div>\n\t\t\t\t<\/div>\n\t\t<div class=\"elementor-element elementor-element-ec556dc e-con-full kontakt-linkbox e-flex e-con e-child\" data-id=\"ec556dc\" data-element_type=\"container\" data-e-type=\"container\">\n\t\t\t\t<div class=\"elementor-element elementor-element-8a27d1f tel elementor-widget elementor-widget-uael-infobox\" data-id=\"8a27d1f\" data-element_type=\"widget\" data-e-type=\"widget\" data-widget_type=\"uael-infobox.default\">\n\t\t\t\t<div class=\"elementor-widget-container\">\n\t\t\t\t\t\n<div class=\"uael-module-content uael-infobox uael-imgicon-style-normal  uael-infobox-left  infobox-has-photo uael-infobox-photo-left-title  uael-infobox-image-valign-middle  uael-infobox-link-type-module\">\n\t<div class=\"uael-infobox-left-right-wrap\">\n\t\t\t\t\t<a href=\"tel:+4968939899800\" class=\"uael-infobox-module-link\" aria-label=\"Infobox Link\"><\/a>\n\t\t\t\t\t\t\t<div class=\"uael-infobox-content\">\n\t\t\t\t\t\t<div class=\"left-title-image\">\t\t\t\t<div class=\"uael-module-content uael-imgicon-wrap \">\t\t\t\t\t\t\t\t\t\t\t\n\t\t\t\t\t\t\t\t\t\t\t\t\t\t\t\t<div class=\"uael-image\" itemscope itemtype=\"http:\/\/schema.org\/ImageObject\">\n\t\t\t\t\t\t\t<div class=\"uael-image-content elementor-animation- \">\n\t\t\t\t\t\t\t\t<img decoding=\"async\" width=\"55\" height=\"55\" src=\"https:\/\/germanys.saarland\/wp-content\/uploads\/telefon.svg\" class=\"attachment-full size-full wp-image-10372\" alt=\"Telefon Icon\" \/>\t\t\t\t\t\t\t<\/div>\n\t\t\t\t\t\t<\/div>\n\n\t\t\t\t\t\t\t\t\t<\/div>\n\t\t\t\t<div class='uael-infobox-title-wrap'><p class=\"uael-infobox-title elementor-inline-editing\" data-elementor-setting-key=\"infobox_title\" data-elementor-inline-editing-toolbar=\"basic\" >+49 (0)6893 9899 800<\/p><\/div><\/div>\t\t\t\t\t\t\t\t\t<div class=\"uael-infobox-text-wrap\">\n\t\t\t\t<div class=\"uael-infobox-text elementor-inline-editing\" data-elementor-setting-key=\"infobox_description\" data-elementor-inline-editing-toolbar=\"advanced\">\n\t\t\t\t\t\t\t\t\t<\/div>\n\t\t\t\t\t\n\t\t\t\t\t\t\t<\/div>\n\t\t<\/div>\n\t\t\t<\/div>\n<\/div>\n\t\t\t\t<\/div>\n\t\t\t\t<\/div>\n\t\t\t\t<div class=\"elementor-element elementor-element-4b032c9 mail elementor-widget elementor-widget-uael-infobox\" data-id=\"4b032c9\" data-element_type=\"widget\" data-e-type=\"widget\" data-widget_type=\"uael-infobox.default\">\n\t\t\t\t<div class=\"elementor-widget-container\">\n\t\t\t\t\t\n<div class=\"uael-module-content uael-infobox uael-imgicon-style-normal  uael-infobox-left  infobox-has-photo uael-infobox-photo-left-title  uael-infobox-image-valign-middle  uael-infobox-link-type-module\">\n\t<div class=\"uael-infobox-left-right-wrap\">\n\t\t\t\t\t<a href=\"mailto:service@germanys.saarland\" class=\"uael-infobox-module-link\" aria-label=\"Infobox Link\"><\/a>\n\t\t\t\t\t\t\t<div class=\"uael-infobox-content\">\n\t\t\t\t\t\t<div class=\"left-title-image\">\t\t\t\t<div class=\"uael-module-content uael-imgicon-wrap \">\t\t\t\t\t\t\t\t\t\t\t\n\t\t\t\t\t\t\t\t\t\t\t\t\t\t\t\t<div class=\"uael-image\" itemscope itemtype=\"http:\/\/schema.org\/ImageObject\">\n\t\t\t\t\t\t\t<div class=\"uael-image-content elementor-animation- \">\n\t\t\t\t\t\t\t\t<img decoding=\"async\" width=\"55\" height=\"55\" src=\"https:\/\/germanys.saarland\/wp-content\/uploads\/mail.svg\" class=\"attachment-full size-full wp-image-10373\" alt=\"E-Mail Icon\" \/>\t\t\t\t\t\t\t<\/div>\n\t\t\t\t\t\t<\/div>\n\n\t\t\t\t\t\t\t\t\t<\/div>\n\t\t\t\t<div class='uael-infobox-title-wrap'><p class=\"uael-infobox-title elementor-inline-editing\" data-elementor-setting-key=\"infobox_title\" data-elementor-inline-editing-toolbar=\"basic\" >service@germanys.saarland<\/p><\/div><\/div>\t\t\t\t\t\t\t\t\t<div class=\"uael-infobox-text-wrap\">\n\t\t\t\t<div class=\"uael-infobox-text elementor-inline-editing\" data-elementor-setting-key=\"infobox_description\" data-elementor-inline-editing-toolbar=\"advanced\">\n\t\t\t\t\t\t\t\t\t<\/div>\n\t\t\t\t\t\n\t\t\t\t\t\t\t<\/div>\n\t\t<\/div>\n\t\t\t<\/div>\n<\/div>\n\t\t\t\t<\/div>\n\t\t\t\t<\/div>\n\t\t\t\t<\/div>\n\t\t\t\t<\/div>\n\t\t<div class=\"elementor-element elementor-element-e93f33d e-con-full e-flex e-con e-child\" data-id=\"e93f33d\" data-element_type=\"container\" data-e-type=\"container\" id=\"kontakt\">\n\t\t\t\t<div class=\"elementor-element elementor-element-6cc8839 elementor-widget elementor-widget-image\" data-id=\"6cc8839\" data-element_type=\"widget\" data-e-type=\"widget\" data-widget_type=\"image.default\">\n\t\t\t\t<div class=\"elementor-widget-container\">\n\t\t\t\t\t\t\t\t\t\t\t\t\t\t\t<img fetchpriority=\"high\" decoding=\"async\" width=\"320\" height=\"300\" src=\"https:\/\/germanys.saarland\/wp-content\/uploads\/gw-ssar-footer-kontakt.png\" class=\"attachment-full size-full wp-image-10852\" alt=\"L\u2019\u00e9quipe de service de Germany\u2019s Saarland se tient volontiers \u00e0 votre disposition\" srcset=\"https:\/\/germanys.saarland\/wp-content\/uploads\/gw-ssar-footer-kontakt.png 320w, https:\/\/germanys.saarland\/wp-content\/uploads\/gw-ssar-footer-kontakt-300x281.png 300w\" sizes=\"(max-width: 320px) 100vw, 320px\" \/>\t\t\t\t\t\t\t\t\t\t\t\t\t\t\t<\/div>\n\t\t\t\t<\/div>\n\t\t\t\t<\/div>\n\t\t\t\t\t<\/div>\n\t\t\t\t<\/div>\n\t\t\t\t<\/div>\n\t\t\t\t<\/div>\n\t\t\t\t\t\t<\/div>\n\t\t\t\t<\/div>\n\t\t\t\t<\/div>\n\t\t\t\t<\/div>\n\t\t","protected":false},"excerpt":{"rendered":"<p>Mentions l\u00e9gales Exploitant du site au sens du \u00a7 5 de la loi allemande sur les m\u00e9dias \u00e9lectroniques (TMG)SHS Strukturholding Saar GmbHRue Balthasar Goldstein 3166131 SarrebruckAllemagne T\u00e9l. : +49 (0)6893\/9899 600Courrier \u00e9lectronique : info@strukturholding.de Site web : www.strukturholding.de Direction de l\u2019entreprise :Rita Gindorf-WagnerThomas SchuckValentin Holzer Pr\u00e9sident du conseil de surveillance :J\u00fcrgen Barke Registre du commerce:Tribunal [&hellip;]<\/p>\n","protected":false},"author":1,"featured_media":0,"parent":0,"menu_order":0,"comment_status":"closed","ping_status":"closed","template":"","meta":{"_acf_changed":false,"footnotes":""},"class_list":["post-5101","page","type-page","status-publish","hentry"],"acf":[],"yoast_head":"<!-- This site is optimized with the Yoast SEO plugin v27.5 - https:\/\/yoast.com\/product\/yoast-seo-wordpress\/ -->\n<title>Mentions l\u00e9gales | GW Saarland<\/title>\n<meta name=\"robots\" content=\"index, follow, max-snippet:-1, max-image-preview:large, max-video-preview:-1\" \/>\n<link rel=\"canonical\" href=\"https:\/\/germanys.saarland\/impressum\/\" \/>\n<meta property=\"og:locale\" content=\"fr_FR\" \/>\n<meta property=\"og:type\" content=\"article\" \/>\n<meta property=\"og:title\" content=\"Mentions l\u00e9gales | GW Saarland\" \/>\n<meta property=\"og:description\" content=\"Mentions l\u00e9gales Exploitant du site au sens du \u00a7 5 de la loi allemande sur les m\u00e9dias \u00e9lectroniques (TMG)SHS Strukturholding Saar GmbHRue Balthasar Goldstein 3166131 SarrebruckAllemagne T\u00e9l. : +49 (0)6893\/9899 600Courrier \u00e9lectronique : info@strukturholding.de Site web : www.strukturholding.de Direction de l\u2019entreprise :Rita Gindorf-WagnerThomas SchuckValentin Holzer Pr\u00e9sident du conseil de surveillance :J\u00fcrgen Barke Registre du commerce:Tribunal [&hellip;]\" \/>\n<meta property=\"og:url\" content=\"https:\/\/germanys.saarland\/impressum\/\" \/>\n<meta property=\"og:site_name\" content=\"GW Saarland\" \/>\n<meta property=\"article:publisher\" content=\"https:\/\/www.facebook.com\/germanys.saarland\/\" \/>\n<meta property=\"article:modified_time\" content=\"2026-04-01T13:46:37+00:00\" \/>\n<meta name=\"twitter:card\" content=\"summary_large_image\" \/>\n<meta name=\"twitter:label1\" content=\"Dur\u00e9e de lecture estim\u00e9e\" \/>\n\t<meta name=\"twitter:data1\" content=\"2 minutes\" \/>\n<script type=\"application\/ld+json\" class=\"yoast-schema-graph\">{\"@context\":\"https:\\\/\\\/schema.org\",\"@graph\":[{\"@type\":\"WebPage\",\"@id\":\"https:\\\/\\\/germanys.saarland\\\/impressum\\\/\",\"url\":\"https:\\\/\\\/germanys.saarland\\\/impressum\\\/\",\"name\":\"Mentions l\u00e9gales | GW Saarland\",\"isPartOf\":{\"@id\":\"https:\\\/\\\/germanys.saarland\\\/en\\\/#website\"},\"datePublished\":\"2023-08-21T12:38:33+00:00\",\"dateModified\":\"2026-04-01T13:46:37+00:00\",\"breadcrumb\":{\"@id\":\"https:\\\/\\\/germanys.saarland\\\/impressum\\\/#breadcrumb\"},\"inLanguage\":\"fr-FR\",\"potentialAction\":[{\"@type\":\"ReadAction\",\"target\":[\"https:\\\/\\\/germanys.saarland\\\/impressum\\\/\"]}]},{\"@type\":\"BreadcrumbList\",\"@id\":\"https:\\\/\\\/germanys.saarland\\\/impressum\\\/#breadcrumb\",\"itemListElement\":[{\"@type\":\"ListItem\",\"position\":1,\"name\":\"Startseite\",\"item\":\"https:\\\/\\\/germanys.saarland\\\/fr\\\/page-daccueil\\\/\"},{\"@type\":\"ListItem\",\"position\":2,\"name\":\"Mentions l\u00e9gales\"}]},{\"@type\":\"WebSite\",\"@id\":\"https:\\\/\\\/germanys.saarland\\\/en\\\/#website\",\"url\":\"https:\\\/\\\/germanys.saarland\\\/en\\\/\",\"name\":\"Germanys Saarland\",\"description\":\"\",\"publisher\":{\"@id\":\"https:\\\/\\\/germanys.saarland\\\/en\\\/#organization\"},\"potentialAction\":[{\"@type\":\"SearchAction\",\"target\":{\"@type\":\"EntryPoint\",\"urlTemplate\":\"https:\\\/\\\/germanys.saarland\\\/en\\\/?s={search_term_string}\"},\"query-input\":{\"@type\":\"PropertyValueSpecification\",\"valueRequired\":true,\"valueName\":\"search_term_string\"}}],\"inLanguage\":\"fr-FR\"},{\"@type\":\"Organization\",\"@id\":\"https:\\\/\\\/germanys.saarland\\\/en\\\/#organization\",\"name\":\"Germanys Saarland\",\"url\":\"https:\\\/\\\/germanys.saarland\\\/en\\\/\",\"logo\":{\"@type\":\"ImageObject\",\"inLanguage\":\"fr-FR\",\"@id\":\"https:\\\/\\\/germanys.saarland\\\/en\\\/#\\\/schema\\\/logo\\\/image\\\/\",\"url\":\"https:\\\/\\\/germanys.saarland\\\/wp-content\\\/uploads\\\/gwsaar-logo-neu.png\",\"contentUrl\":\"https:\\\/\\\/germanys.saarland\\\/wp-content\\\/uploads\\\/gwsaar-logo-neu.png\",\"width\":600,\"height\":134,\"caption\":\"Germanys Saarland\"},\"image\":{\"@id\":\"https:\\\/\\\/germanys.saarland\\\/en\\\/#\\\/schema\\\/logo\\\/image\\\/\"},\"sameAs\":[\"https:\\\/\\\/www.facebook.com\\\/germanys.saarland\\\/\",\"https:\\\/\\\/www.instagram.com\\\/germanys.saarland\\\/\",\"https:\\\/\\\/de.linkedin.com\\\/company\\\/gwsaar-saarland-economic-promotion-corporation\"]}]}<\/script>\n<!-- \/ Yoast SEO plugin. -->","yoast_head_json":{"title":"Mentions l\u00e9gales | GW Saarland","robots":{"index":"index","follow":"follow","max-snippet":"max-snippet:-1","max-image-preview":"max-image-preview:large","max-video-preview":"max-video-preview:-1"},"canonical":"https:\/\/germanys.saarland\/impressum\/","og_locale":"fr_FR","og_type":"article","og_title":"Mentions l\u00e9gales | GW Saarland","og_description":"Mentions l\u00e9gales Exploitant du site au sens du \u00a7 5 de la loi allemande sur les m\u00e9dias \u00e9lectroniques (TMG)SHS Strukturholding Saar GmbHRue Balthasar Goldstein 3166131 SarrebruckAllemagne T\u00e9l. : +49 (0)6893\/9899 600Courrier \u00e9lectronique : info@strukturholding.de Site web : www.strukturholding.de Direction de l\u2019entreprise :Rita Gindorf-WagnerThomas SchuckValentin Holzer Pr\u00e9sident du conseil de surveillance :J\u00fcrgen Barke Registre du commerce:Tribunal [&hellip;]","og_url":"https:\/\/germanys.saarland\/impressum\/","og_site_name":"GW Saarland","article_publisher":"https:\/\/www.facebook.com\/germanys.saarland\/","article_modified_time":"2026-04-01T13:46:37+00:00","twitter_card":"summary_large_image","twitter_misc":{"Dur\u00e9e de lecture estim\u00e9e":"2 minutes"},"schema":{"@context":"https:\/\/schema.org","@graph":[{"@type":"WebPage","@id":"https:\/\/germanys.saarland\/impressum\/","url":"https:\/\/germanys.saarland\/impressum\/","name":"Mentions l\u00e9gales | GW Saarland","isPartOf":{"@id":"https:\/\/germanys.saarland\/en\/#website"},"datePublished":"2023-08-21T12:38:33+00:00","dateModified":"2026-04-01T13:46:37+00:00","breadcrumb":{"@id":"https:\/\/germanys.saarland\/impressum\/#breadcrumb"},"inLanguage":"fr-FR","potentialAction":[{"@type":"ReadAction","target":["https:\/\/germanys.saarland\/impressum\/"]}]},{"@type":"BreadcrumbList","@id":"https:\/\/germanys.saarland\/impressum\/#breadcrumb","itemListElement":[{"@type":"ListItem","position":1,"name":"Startseite","item":"https:\/\/germanys.saarland\/fr\/page-daccueil\/"},{"@type":"ListItem","position":2,"name":"Mentions l\u00e9gales"}]},{"@type":"WebSite","@id":"https:\/\/germanys.saarland\/en\/#website","url":"https:\/\/germanys.saarland\/en\/","name":"Germanys Saarland","description":"","publisher":{"@id":"https:\/\/germanys.saarland\/en\/#organization"},"potentialAction":[{"@type":"SearchAction","target":{"@type":"EntryPoint","urlTemplate":"https:\/\/germanys.saarland\/en\/?s={search_term_string}"},"query-input":{"@type":"PropertyValueSpecification","valueRequired":true,"valueName":"search_term_string"}}],"inLanguage":"fr-FR"},{"@type":"Organization","@id":"https:\/\/germanys.saarland\/en\/#organization","name":"Germanys Saarland","url":"https:\/\/germanys.saarland\/en\/","logo":{"@type":"ImageObject","inLanguage":"fr-FR","@id":"https:\/\/germanys.saarland\/en\/#\/schema\/logo\/image\/","url":"https:\/\/germanys.saarland\/wp-content\/uploads\/gwsaar-logo-neu.png","contentUrl":"https:\/\/germanys.saarland\/wp-content\/uploads\/gwsaar-logo-neu.png","width":600,"height":134,"caption":"Germanys Saarland"},"image":{"@id":"https:\/\/germanys.saarland\/en\/#\/schema\/logo\/image\/"},"sameAs":["https:\/\/www.facebook.com\/germanys.saarland\/","https:\/\/www.instagram.com\/germanys.saarland\/","https:\/\/de.linkedin.com\/company\/gwsaar-saarland-economic-promotion-corporation"]}]}},"_links":{"self":[{"href":"https:\/\/germanys.saarland\/fr\/wp-json\/wp\/v2\/pages\/5101","targetHints":{"allow":["GET"]}}],"collection":[{"href":"https:\/\/germanys.saarland\/fr\/wp-json\/wp\/v2\/pages"}],"about":[{"href":"https:\/\/germanys.saarland\/fr\/wp-json\/wp\/v2\/types\/page"}],"author":[{"embeddable":true,"href":"https:\/\/germanys.saarland\/fr\/wp-json\/wp\/v2\/users\/1"}],"replies":[{"embeddable":true,"href":"https:\/\/germanys.saarland\/fr\/wp-json\/wp\/v2\/comments?post=5101"}],"version-history":[{"count":7,"href":"https:\/\/germanys.saarland\/fr\/wp-json\/wp\/v2\/pages\/5101\/revisions"}],"predecessor-version":[{"id":11046,"href":"https:\/\/germanys.saarland\/fr\/wp-json\/wp\/v2\/pages\/5101\/revisions\/11046"}],"wp:attachment":[{"href":"https:\/\/germanys.saarland\/fr\/wp-json\/wp\/v2\/media?parent=5101"}],"curies":[{"name":"wp","href":"https:\/\/api.w.org\/{rel}","templated":true}]}}