{"id":9723,"date":"2025-10-15T13:09:55","date_gmt":"2025-10-15T11:09:55","guid":{"rendered":"https:\/\/germanys.saarland\/declaration-relative-a-laccessibilite\/"},"modified":"2026-04-01T15:47:00","modified_gmt":"2026-04-01T13:47:00","slug":"declaration-relative-a-laccessibilite","status":"publish","type":"page","link":"https:\/\/germanys.saarland\/fr\/declaration-relative-a-laccessibilite\/","title":{"rendered":"D\u00e9claration relative \u00e0 l\u2019accessibilit\u00e9"},"content":{"rendered":"\t\t<div data-elementor-type=\"wp-page\" data-elementor-id=\"9723\" class=\"elementor elementor-9723 elementor-9710\" data-elementor-post-type=\"page\">\n\t\t\t\t<div class=\"elementor-element elementor-element-05cd740 e-flex e-con-boxed e-con e-parent\" data-id=\"05cd740\" data-element_type=\"container\" data-e-type=\"container\">\n\t\t\t\t\t<div class=\"e-con-inner\">\n\t\t\t\t<div class=\"elementor-element elementor-element-7bc55d9 elementor-widget elementor-widget-heading\" data-id=\"7bc55d9\" data-element_type=\"widget\" data-e-type=\"widget\" data-widget_type=\"heading.default\">\n\t\t\t\t<div class=\"elementor-widget-container\">\n\t\t\t\t\t<h1 class=\"elementor-heading-title elementor-size-default\">D\u00e9claration relative \u00e0 l\u2019accessibilit\u00e9<\/h1>\t\t\t\t<\/div>\n\t\t\t\t<\/div>\n\t\t\t\t<div class=\"elementor-element elementor-element-2c1e6154 elementor-widget elementor-widget-text-editor\" data-id=\"2c1e6154\" data-element_type=\"widget\" data-e-type=\"widget\" data-widget_type=\"text-editor.default\">\n\t\t\t\t<div class=\"elementor-widget-container\">\n\t\t\t\t\t\t\t\t\t<p style=\"text-align: left;\">La SHS Strukturholding Saar GmbH (par la suite : \u00ab SHS \u00bb) s\u2019efforce de rendre son site web germanys.saarland accessible conform\u00e9ment \u00e0 la norme europ\u00e9enne EN 301 549 ainsi qu\u2019aux prescriptions du \u00a7 12 n\u00b02 de la loi allemande sur l\u2019autod\u00e9termination en mati\u00e8re d\u2019inscription du sexe (Selbstbestimmung in Bezug auf den Geschlechtseintrag &#8211; SBGG) en liaison avec l\u2019ordonnance sur les technologies de l\u2019information sans barri\u00e8res (Barrierefreie-Informationstechnik-Verordnung &#8211; BITV 2.0).<\/p><p><strong>Description de la prestation<\/strong><\/p><p>La SHS exploite le site web germanys.saarland.<\/p><p>La page Internet offre des informations concernant la Sarre en tant que site \u00e9conomique.<br>Cette page est propos\u00e9e par la SHS. Les prestations effectives, dont la publicit\u00e9 est faite via cette page, sont fournies en partie par la soci\u00e9t\u00e9 de promotion \u00e9conomique de la Sarre <strong>gwSaar Gesellschaft f\u00fcr Wirtschaftsf\u00f6rderung Saar mbH<\/strong> ; cette derni\u00e8re apporte son soutien \u00e0 des entreprises qui souhaitent investir dans la Sarre ou s\u2019y implanter. <\/p><p>Font partie des offres principales :<\/p><ul><li><strong>Recherche de site : <\/strong>Nous aidons les entreprises \u00e0 trouver l\u2019emplacement ad\u00e9quat pour leur implantation en Sarre.<\/li><li><strong>Construction et immobiliers : <\/strong>Nous proposons un accompagnement lors de la construction de b\u00e2timents et lors de l\u2019utilisation de surfaces commerciales.<\/li><li><strong>Implantation et encadrement :<\/strong> Nous \u00e9paulons les entreprises au long de toutes les \u00e9tapes de l\u2019implantation \u2013 depuis la planification jusqu\u2019\u00e0 l\u2019exploitation.<\/li><li><strong>Personnel et contacts : <\/strong>Nous apportons de l\u2019aide dans la recherche de collaborateurs et dans la cr\u00e9ation de r\u00e9seaux.<\/li><li><strong>Commerce ext\u00e9rieur : <\/strong>Nous conseillons les entreprises lors de leur entr\u00e9e dans de nouveaux march\u00e9s \u00e0 l\u2019\u00e9tranger et dans leurs projets internationaux.<\/li><li><strong>Durabilit\u00e9 : <\/strong>Nous d\u00e9veloppons \u00e9galement des terrains inutilis\u00e9s (\u00ab brownfields \u00bb) pour de nouveaux investissements.<\/li><li><strong>Manifestations :<\/strong> Nous organisons des voyages \u00e0 but \u00e9conomique, des salons et des rencontres avec des partenaires internationaux.<\/li><\/ul><p> <\/p><p>L\u2019objectif \u00e9tant d\u2019apporter du soutien aux <strong>investisseurs et entreprises<\/strong> en Sarre pour qu\u2019ils puissent conna\u00eetre le succ\u00e8s ici avec leur travail.<\/p><p>La SHS agit pour le compte de la Sarre.<\/p><p><strong>\u00c9tat de la compatibilit\u00e9 avec les exigences<\/strong><\/p><p>Ce site web r\u00e9pond actuellement en partie aux r\u00e8gles pour l\u2019accessibilit\u00e9 des contenus web (Web Content Accessibility Guidelines &#8211; WCAG) 2.2 A \u2013 AA pr\u00e9vues par la BITV 2.0. Les contenus non accessibles sont \u00e9num\u00e9r\u00e9s ci-dessous. Nous travaillons sans rel\u00e2che \u00e0 am\u00e9liorer l\u2019accessibilit\u00e9 de notre offre num\u00e9rique.  <\/p><p><strong>Contenus non accessibles<\/strong><\/p><p>Les contenus \/ fonctions ci-dessous ne sont actuellement pas enti\u00e8rement accessibles :<\/p><ul><li>Les images n\u2019ont pour certaines pas de textes alternatifs (qu\u2019un lecteur pourrait lire \u00e0 haute voix)<\/li><li>Certaines vid\u00e9os incluses n\u2019ont pas de sous-titres et \/ ou de descriptions des contenus visuels (audio\u00b7description).<\/li><li>Les relations entre les divers contenus ne sont pas toujours clairement structur\u00e9es, ce qui rend la commande par clavier plus difficile \u00e0 certains endroits. Cela peut \u00e9galement avoir des r\u00e9percussions sur la compr\u00e9hensibilit\u00e9 du contenu \/ sur les rapports entre les contenus. <\/li><li>Certains liens \/ boutons ne sont pas encore assez bien visibles (au niveau de la couleur).<\/li><li>\u00c0 partir de zooms \u00e0 200 %, les \u00e9l\u00e9ments ne sont pas correctement repr\u00e9sent\u00e9s (reflow).<\/li><li>Certains textes sont int\u00e9gr\u00e9s sous forme d\u2019image, sans textes alternatifs (qu\u2019un lecteur pourrait lire \u00e0 haute voix).<\/li><li>La modification de la taille de textes pourrait en partie \u00eatre entrav\u00e9e par un espace trop restreint entre les mots.<\/li><li>Certains contenus ne sont pas disponibles pour le lecteur d\u2019\u00e9cran ou la commande par clavier \u00e9tant donn\u00e9 qu\u2019ils ne sont disponibles par ex. que sous forme d\u2019effet de survol.<\/li><li>Certains \u00e9l\u00e9ments ne peuvent pas \u00eatre atteints \u00e0 l\u2019aide du clavier. Dans une poign\u00e9e de cas, on constate des pi\u00e8ges au clavier (c\u2019est-\u00e0-dire que l\u2019on ne peut pas fermer un \u00e9l\u00e9ment uniquement \u00e0 l\u2019aide du clavier). <\/li><li>Les d\u00e9filements d\u2019images peuvent \u00eatre trop rapides, ce qui emp\u00eache certaines personnes de percevoir les contenus et il n\u2019est pas possible de les arr\u00eater ni de les ralentir.<\/li><li>La navigation par clavier \/ par lecteur d\u2019\u00e9cran n\u2019est possible que de fa\u00e7on limit\u00e9e. Certains \u00e9l\u00e9ments sont ignor\u00e9s involontairement. <\/li><li>Il n\u2019est pas toujours possible de reconna\u00eetre l\u2019ordre de focalisation \/ sur quel contenu on se concentre.<\/li><li>La focalisation n\u2019est pas visible.<\/li><li>Il n\u2019y a parfois qu\u2019une seule mani\u00e8re d\u2019acc\u00e9der aux informations de la page web et aucune alternative.<\/li><li>Les titres des pages ne sont pas toujours assez bien mis en valeur ou pas assez parlants.<\/li><li>Pas toujours assez de protection contre les erreurs de saisie (par ex. avant l\u2019envoi de formulaires).<\/li><li>Certaines \u00e9tiquettes sur boutons \/ liens \/ champs de saisie, etc. n\u2019apparaissent pas sous forme de texte dans le code et elles ne peuvent alors pas \u00eatre lues correctement par le lecteur d\u2019\u00e9cran.<\/li><li>Les liens \/ boutons sont parfois trop petits, il peut donc s\u2019av\u00e9rer difficile de les viser pour cliquer dessus.<\/li><li>Quelques changements brutaux de contexte sans pr\u00e9avis, notamment lors du changement de la langue, la page est directement recharg\u00e9e sans nouvelle demande. <\/li><li>Les inscriptions et les messages d\u2019erreur dans le formulaire de contact ne sont pas tous assez clairs.<\/li><li>La prononciation du lecteur d\u2019\u00e9cran lorsqu\u2019il lit des parties en langue \u00e9trang\u00e8re peut ne pas \u00eatre correcte (par ex. texte anglais lu avec une prononciation allemande).<\/li><li>En partie, absence de pr\u00e9vention suffisante des erreurs dans les transactions juridiques (concr\u00e8tement passation de contrat via formulaire). Il est possible de remettre une d\u00e9claration contraignante sans nouvelle confirmation (par clic) via des formulaires \u00e0 une seule partie. <\/li><li>Les contenus ne sont pas tous disponibles en langage simple.<\/li><li>Les fichiers PDF contenus ne sont actuellement pas encore accessibles \u00e0 tous (pour contourner ce probl\u00e8me : Sur demande, nous vous enverrons des versions accessibles \u2013 pour cela, veuillez envoyer un e\u2011mail \u00e0 l\u2019adresse service@germanys.saarland<\/li><\/ul><p><strong> <\/strong><\/p><p><strong>Mesures pr\u00e9vues :<\/strong><\/p><p>Nous retravaillons actuellement de fa\u00e7on active notre page web. Ce qui est pr\u00e9vu, c\u2019est de retravailler encore en 2025 les contenus et fonctions mentionn\u00e9s qui sont actuellement encore non accessibles afin qu\u2019au moins tous les contenus essentiels soient enti\u00e8rement accessibles. <\/p><p><strong>\u00c9laboration de cette d\u00e9claration<\/strong><\/p><p>Cette d\u00e9claration a \u00e9t\u00e9 \u00e9labor\u00e9e le 02\/10\/2025 sa derni\u00e8re date de r\u00e9vision est le 02\/10\/2025. L\u2019\u00e9valuation qu\u2019elle contient se fonde sur une auto\u00e9valuation interne des contenus. <\/p><p><strong>Contact et retours<\/strong><\/p><p>Vous avez constat\u00e9 des barri\u00e8res sur notre site web ou bien vous souhaitez obtenir des informations concernant l\u2019accessibilit\u00e9 num\u00e9rique ? Alors n\u2019h\u00e9sitez pas \u00e0 nous contacter aux coordonn\u00e9es suivantes : <\/p><p style=\"text-align: center;\">SHS<br>Strukturholding Saar GmbH<br>Service des relations publiques<br>Balthasar-Goldstein-Stra\u00dfe 31<br>D-66131 Saarbr\u00fccken<br>E-mail : <a href=\"mailto:service@germanys.saarland\">service@germanys.saarland<\/a><br>T\u00e9l\u00e9phone : +49 6893\/9899 600<\/p><p><strong>Proc\u00e9dure de mise en application<br>(en ce qui concerne l\u2019accessibilit\u00e9 selon \u00a7 12 n\u00b02 SBGG en liaison avec BITV 2.0) <\/strong><\/p><p>Si vous deviez ne pas obtenir de r\u00e9ponse satisfaisante concernant l\u2019accessibilit\u00e9, il vous est possible de vous adresser \u00e0 l\u2019organisme sarrois charg\u00e9 du contr\u00f4le de l\u2019application :<\/p><p style=\"text-align: center;\">Ministerium f\u00fcr Arbeit, Soziales, Frauen und Gesundheit \u2013 Durchsetzungsstelle f\u00fcr digitale Barrierefreiheit<br>Franz-Josef-R\u00f6der-Stra\u00dfe 23<br>D-66119 Saarbr\u00fccken<br>E-mail : <a href=\"mailto:barrierefreiheit@soziales.saarland.de\">barrierefreiheit@soziales.saarland.de<\/a><br>Internet : <a href=\"https:\/\/www.saarland.de\/masfg\/DE\/portale\/sozialesleben\/leistungensoziales\/landesfachstelle_barrierefreiheit\">https:\/\/www.saarland.de\/masfg\/DE\/portale\/sozialesleben\/<br>leistungensoziales\/landesfachstelle_barrierefreiheit<\/a><\/p>\t\t\t\t\t\t\t\t<\/div>\n\t\t\t\t<\/div>\n\t\t\t\t\t<\/div>\n\t\t\t\t<\/div>\n\t\t\t\t<\/div>\n\t\t","protected":false},"excerpt":{"rendered":"<p>D\u00e9claration relative \u00e0 l\u2019accessibilit\u00e9 La SHS Strukturholding Saar GmbH (par la suite : \u00ab SHS \u00bb) s\u2019efforce de rendre son site web germanys.saarland accessible conform\u00e9ment \u00e0 la norme europ\u00e9enne EN 301 549 ainsi qu\u2019aux prescriptions du \u00a7 12 n\u00b02 de la loi allemande sur l\u2019autod\u00e9termination en mati\u00e8re d\u2019inscription du sexe (Selbstbestimmung in Bezug auf den [&hellip;]<\/p>\n","protected":false},"author":1,"featured_media":0,"parent":0,"menu_order":0,"comment_status":"closed","ping_status":"closed","template":"","meta":{"_acf_changed":false,"footnotes":""},"class_list":["post-9723","page","type-page","status-publish","hentry"],"acf":[],"yoast_head":"<!-- This site is optimized with the Yoast SEO plugin v27.3 - https:\/\/yoast.com\/product\/yoast-seo-wordpress\/ -->\n<title>D\u00e9claration relative \u00e0 l\u2019accessibilit\u00e9 | GW Saarland<\/title>\n<meta name=\"robots\" content=\"index, follow, max-snippet:-1, max-image-preview:large, max-video-preview:-1\" \/>\n<link rel=\"canonical\" href=\"https:\/\/germanys.saarland\/barrierefreiheitserklaerung\/\" \/>\n<meta property=\"og:locale\" content=\"fr_FR\" \/>\n<meta property=\"og:type\" content=\"article\" \/>\n<meta property=\"og:title\" content=\"D\u00e9claration relative \u00e0 l\u2019accessibilit\u00e9 | GW Saarland\" \/>\n<meta property=\"og:description\" content=\"D\u00e9claration relative \u00e0 l\u2019accessibilit\u00e9 La SHS Strukturholding Saar GmbH (par la suite : \u00ab SHS \u00bb) s\u2019efforce de rendre son site web germanys.saarland accessible conform\u00e9ment \u00e0 la norme europ\u00e9enne EN 301 549 ainsi qu\u2019aux prescriptions du \u00a7 12 n\u00b02 de la loi allemande sur l\u2019autod\u00e9termination en mati\u00e8re d\u2019inscription du sexe (Selbstbestimmung in Bezug auf den [&hellip;]\" \/>\n<meta property=\"og:url\" content=\"https:\/\/germanys.saarland\/barrierefreiheitserklaerung\/\" \/>\n<meta property=\"og:site_name\" content=\"GW Saarland\" \/>\n<meta property=\"article:publisher\" content=\"https:\/\/www.facebook.com\/germanys.saarland\/\" \/>\n<meta property=\"article:modified_time\" content=\"2026-04-01T13:47:00+00:00\" \/>\n<meta name=\"twitter:card\" content=\"summary_large_image\" \/>\n<meta name=\"twitter:label1\" content=\"Dur\u00e9e de lecture estim\u00e9e\" \/>\n\t<meta name=\"twitter:data1\" content=\"6 minutes\" \/>\n<script type=\"application\/ld+json\" class=\"yoast-schema-graph\">{\"@context\":\"https:\\\/\\\/schema.org\",\"@graph\":[{\"@type\":\"WebPage\",\"@id\":\"https:\\\/\\\/germanys.saarland\\\/barrierefreiheitserklaerung\\\/\",\"url\":\"https:\\\/\\\/germanys.saarland\\\/barrierefreiheitserklaerung\\\/\",\"name\":\"D\u00e9claration relative \u00e0 l\u2019accessibilit\u00e9 | GW Saarland\",\"isPartOf\":{\"@id\":\"https:\\\/\\\/germanys.saarland\\\/en\\\/#website\"},\"datePublished\":\"2025-10-15T11:09:55+00:00\",\"dateModified\":\"2026-04-01T13:47:00+00:00\",\"breadcrumb\":{\"@id\":\"https:\\\/\\\/germanys.saarland\\\/barrierefreiheitserklaerung\\\/#breadcrumb\"},\"inLanguage\":\"fr-FR\",\"potentialAction\":[{\"@type\":\"ReadAction\",\"target\":[\"https:\\\/\\\/germanys.saarland\\\/barrierefreiheitserklaerung\\\/\"]}]},{\"@type\":\"BreadcrumbList\",\"@id\":\"https:\\\/\\\/germanys.saarland\\\/barrierefreiheitserklaerung\\\/#breadcrumb\",\"itemListElement\":[{\"@type\":\"ListItem\",\"position\":1,\"name\":\"Startseite\",\"item\":\"https:\\\/\\\/germanys.saarland\\\/\"},{\"@type\":\"ListItem\",\"position\":2,\"name\":\"D\u00e9claration relative \u00e0 l\u2019accessibilit\u00e9\"}]},{\"@type\":\"WebSite\",\"@id\":\"https:\\\/\\\/germanys.saarland\\\/en\\\/#website\",\"url\":\"https:\\\/\\\/germanys.saarland\\\/en\\\/\",\"name\":\"Germanys Saarland\",\"description\":\"\",\"publisher\":{\"@id\":\"https:\\\/\\\/germanys.saarland\\\/en\\\/#organization\"},\"potentialAction\":[{\"@type\":\"SearchAction\",\"target\":{\"@type\":\"EntryPoint\",\"urlTemplate\":\"https:\\\/\\\/germanys.saarland\\\/en\\\/?s={search_term_string}\"},\"query-input\":{\"@type\":\"PropertyValueSpecification\",\"valueRequired\":true,\"valueName\":\"search_term_string\"}}],\"inLanguage\":\"fr-FR\"},{\"@type\":\"Organization\",\"@id\":\"https:\\\/\\\/germanys.saarland\\\/en\\\/#organization\",\"name\":\"Germanys Saarland\",\"url\":\"https:\\\/\\\/germanys.saarland\\\/en\\\/\",\"logo\":{\"@type\":\"ImageObject\",\"inLanguage\":\"fr-FR\",\"@id\":\"https:\\\/\\\/germanys.saarland\\\/en\\\/#\\\/schema\\\/logo\\\/image\\\/\",\"url\":\"https:\\\/\\\/germanys.saarland\\\/wp-content\\\/uploads\\\/gwsaar-logo-neu.png\",\"contentUrl\":\"https:\\\/\\\/germanys.saarland\\\/wp-content\\\/uploads\\\/gwsaar-logo-neu.png\",\"width\":600,\"height\":134,\"caption\":\"Germanys Saarland\"},\"image\":{\"@id\":\"https:\\\/\\\/germanys.saarland\\\/en\\\/#\\\/schema\\\/logo\\\/image\\\/\"},\"sameAs\":[\"https:\\\/\\\/www.facebook.com\\\/germanys.saarland\\\/\",\"https:\\\/\\\/www.instagram.com\\\/germanys.saarland\\\/\",\"https:\\\/\\\/de.linkedin.com\\\/company\\\/gwsaar-saarland-economic-promotion-corporation\"]}]}<\/script>\n<!-- \/ Yoast SEO plugin. -->","yoast_head_json":{"title":"D\u00e9claration relative \u00e0 l\u2019accessibilit\u00e9 | GW Saarland","robots":{"index":"index","follow":"follow","max-snippet":"max-snippet:-1","max-image-preview":"max-image-preview:large","max-video-preview":"max-video-preview:-1"},"canonical":"https:\/\/germanys.saarland\/barrierefreiheitserklaerung\/","og_locale":"fr_FR","og_type":"article","og_title":"D\u00e9claration relative \u00e0 l\u2019accessibilit\u00e9 | GW Saarland","og_description":"D\u00e9claration relative \u00e0 l\u2019accessibilit\u00e9 La SHS Strukturholding Saar GmbH (par la suite : \u00ab SHS \u00bb) s\u2019efforce de rendre son site web germanys.saarland accessible conform\u00e9ment \u00e0 la norme europ\u00e9enne EN 301 549 ainsi qu\u2019aux prescriptions du \u00a7 12 n\u00b02 de la loi allemande sur l\u2019autod\u00e9termination en mati\u00e8re d\u2019inscription du sexe (Selbstbestimmung in Bezug auf den [&hellip;]","og_url":"https:\/\/germanys.saarland\/barrierefreiheitserklaerung\/","og_site_name":"GW Saarland","article_publisher":"https:\/\/www.facebook.com\/germanys.saarland\/","article_modified_time":"2026-04-01T13:47:00+00:00","twitter_card":"summary_large_image","twitter_misc":{"Dur\u00e9e de lecture estim\u00e9e":"6 minutes"},"schema":{"@context":"https:\/\/schema.org","@graph":[{"@type":"WebPage","@id":"https:\/\/germanys.saarland\/barrierefreiheitserklaerung\/","url":"https:\/\/germanys.saarland\/barrierefreiheitserklaerung\/","name":"D\u00e9claration relative \u00e0 l\u2019accessibilit\u00e9 | GW Saarland","isPartOf":{"@id":"https:\/\/germanys.saarland\/en\/#website"},"datePublished":"2025-10-15T11:09:55+00:00","dateModified":"2026-04-01T13:47:00+00:00","breadcrumb":{"@id":"https:\/\/germanys.saarland\/barrierefreiheitserklaerung\/#breadcrumb"},"inLanguage":"fr-FR","potentialAction":[{"@type":"ReadAction","target":["https:\/\/germanys.saarland\/barrierefreiheitserklaerung\/"]}]},{"@type":"BreadcrumbList","@id":"https:\/\/germanys.saarland\/barrierefreiheitserklaerung\/#breadcrumb","itemListElement":[{"@type":"ListItem","position":1,"name":"Startseite","item":"https:\/\/germanys.saarland\/"},{"@type":"ListItem","position":2,"name":"D\u00e9claration relative \u00e0 l\u2019accessibilit\u00e9"}]},{"@type":"WebSite","@id":"https:\/\/germanys.saarland\/en\/#website","url":"https:\/\/germanys.saarland\/en\/","name":"Germanys Saarland","description":"","publisher":{"@id":"https:\/\/germanys.saarland\/en\/#organization"},"potentialAction":[{"@type":"SearchAction","target":{"@type":"EntryPoint","urlTemplate":"https:\/\/germanys.saarland\/en\/?s={search_term_string}"},"query-input":{"@type":"PropertyValueSpecification","valueRequired":true,"valueName":"search_term_string"}}],"inLanguage":"fr-FR"},{"@type":"Organization","@id":"https:\/\/germanys.saarland\/en\/#organization","name":"Germanys Saarland","url":"https:\/\/germanys.saarland\/en\/","logo":{"@type":"ImageObject","inLanguage":"fr-FR","@id":"https:\/\/germanys.saarland\/en\/#\/schema\/logo\/image\/","url":"https:\/\/germanys.saarland\/wp-content\/uploads\/gwsaar-logo-neu.png","contentUrl":"https:\/\/germanys.saarland\/wp-content\/uploads\/gwsaar-logo-neu.png","width":600,"height":134,"caption":"Germanys Saarland"},"image":{"@id":"https:\/\/germanys.saarland\/en\/#\/schema\/logo\/image\/"},"sameAs":["https:\/\/www.facebook.com\/germanys.saarland\/","https:\/\/www.instagram.com\/germanys.saarland\/","https:\/\/de.linkedin.com\/company\/gwsaar-saarland-economic-promotion-corporation"]}]}},"_links":{"self":[{"href":"https:\/\/germanys.saarland\/fr\/wp-json\/wp\/v2\/pages\/9723","targetHints":{"allow":["GET"]}}],"collection":[{"href":"https:\/\/germanys.saarland\/fr\/wp-json\/wp\/v2\/pages"}],"about":[{"href":"https:\/\/germanys.saarland\/fr\/wp-json\/wp\/v2\/types\/page"}],"author":[{"embeddable":true,"href":"https:\/\/germanys.saarland\/fr\/wp-json\/wp\/v2\/users\/1"}],"replies":[{"embeddable":true,"href":"https:\/\/germanys.saarland\/fr\/wp-json\/wp\/v2\/comments?post=9723"}],"version-history":[{"count":1,"href":"https:\/\/germanys.saarland\/fr\/wp-json\/wp\/v2\/pages\/9723\/revisions"}],"predecessor-version":[{"id":9724,"href":"https:\/\/germanys.saarland\/fr\/wp-json\/wp\/v2\/pages\/9723\/revisions\/9724"}],"wp:attachment":[{"href":"https:\/\/germanys.saarland\/fr\/wp-json\/wp\/v2\/media?parent=9723"}],"curies":[{"name":"wp","href":"https:\/\/api.w.org\/{rel}","templated":true}]}}