{"id":9725,"date":"2025-10-15T13:09:55","date_gmt":"2025-10-15T11:09:55","guid":{"rendered":"https:\/\/germanys.saarland\/%ec%a0%91%ea%b7%bc%ec%84%b1-%ec%84%a0%ec%96%b8\/"},"modified":"2026-04-01T15:47:00","modified_gmt":"2026-04-01T13:47:00","slug":"%ec%a0%91%ea%b7%bc%ec%84%b1-%ec%84%a0%ec%96%b8","status":"publish","type":"page","link":"https:\/\/germanys.saarland\/ko\/%ec%a0%91%ea%b7%bc%ec%84%b1-%ec%84%a0%ec%96%b8\/","title":{"rendered":"\uc811\uadfc\uc131 \uc120\uc5b8"},"content":{"rendered":"\t\t<div data-elementor-type=\"wp-page\" data-elementor-id=\"9725\" class=\"elementor elementor-9725 elementor-9710\" data-elementor-post-type=\"page\">\n\t\t\t\t<div class=\"elementor-element elementor-element-05cd740 e-flex e-con-boxed e-con e-parent\" data-id=\"05cd740\" data-element_type=\"container\" data-e-type=\"container\">\n\t\t\t\t\t<div class=\"e-con-inner\">\n\t\t\t\t<div class=\"elementor-element elementor-element-7bc55d9 elementor-widget elementor-widget-heading\" data-id=\"7bc55d9\" data-element_type=\"widget\" data-e-type=\"widget\" data-widget_type=\"heading.default\">\n\t\t\t\t<div class=\"elementor-widget-container\">\n\t\t\t\t\t<h1 class=\"elementor-heading-title elementor-size-default\">\uc811\uadfc\uc131 \uc120\uc5b8<\/h1>\t\t\t\t<\/div>\n\t\t\t\t<\/div>\n\t\t\t\t<div class=\"elementor-element elementor-element-2c1e6154 elementor-widget elementor-widget-text-editor\" data-id=\"2c1e6154\" data-element_type=\"widget\" data-e-type=\"widget\" data-widget_type=\"text-editor.default\">\n\t\t\t\t<div class=\"elementor-widget-container\">\n\t\t\t\t\t\t\t\t\t<p style=\"text-align: left;\">SHS Strukturholding Saar GmbH (\uc774\ud558: \u201eSHS\u201c)\ub294 \uc790\uc0ac\uc758 \uc6f9\uc0ac\uc774\ud2b8\uc778 germanys.saarland\ub97c \uc720\ub7fd \ud45c\uc900 EN 301 549 \ubc0f \uc790\ub97c\ub780\ud2b8 \uc8fc \uc7a5\uc560\uc778\ud3c9\ub4f1\ubc95(SBGG) \uc81c \u00a7 12\uc870 \uc81c 2\ud638, \ub610 \uc7a5\uc560\ubb3c \uc5c6\ub294 \uc815\ubcf4\uae30\uc220 \uaddc\uc815(BITV 2.0)\uc5d0 \ub530\ub77c \uac04\uc12d \uc5c6\uc774 \uc811\uadfc \uac00\ub2a5\ud55c \uc0c1\ud0dc\ub85c \uc81c\uacf5\ud558\uae30 \uc704\ud574 \ub178\ub825\ud558\uace0 \uc788\uc2b5\ub2c8\ub2e4.<\/p><p><strong>\uc11c\ube44\uc2a4\uc5d0 \ub300\ud55c \uc124\uba85<\/strong><\/p><p>SHS\ub294 germanys.saarland \uc6f9\uc0ac\uc774\ud2b8\ub97c \uc6b4\uc601\ud558\uace0 \uc788\uc2b5\ub2c8\ub2e4.<\/p><p>\uc774 \uc778\ud130\ub137 \uc0ac\uc774\ud2b8\ub294 \uacbd\uc81c\uc801 \uc785\uc9c0 \uba74\uc5d0\uc11c \uc790\ub97c\ub780\ud2b8 \uc8fc\uc5d0 \ub300\ud55c \uc815\ubcf4\ub97c \uc81c\uacf5\ud569\ub2c8\ub2e4. \uc774 \uc0ac\uc774\ud2b8\uc758 \uc6b4\uc601\uc790\ub294 SHS\uc774\uc9c0\ub9cc, \uc6f9\uc0ac\uc774\ud2b8\uc5d0\uc11c \ud64d\ubcf4\ud558\ub294 \uc2e4\uc81c \uc11c\ube44\uc2a4 \uc911 \uc77c\ubd80\ub294 gwSaar \uc790\ub97c\ub780\ud2b8 \uacbd\uc81c\uc9c4\ud765\uacf5\uc0ac(<strong>gwSaar Gesellschaft f\u00fcr Wirtschaftsf\u00f6rderung Saar mbH<\/strong>)\uac00 \uc218\ud589\ud569\ub2c8\ub2e4. \uc774 \uae30\uad00\uc740 \uc790\ub97c\ub780\ud2b8\uc5d0 \ud22c\uc790\ud558\uac70\ub098 \uc9c4\ucd9c\ud558\uace0\uc790 \ud558\ub294 \uae30\uc5c5\ub4e4\uc744 \uc9c0\uc6d0\ud569\ub2c8\ub2e4. <\/p><p>gwSaar\ub294 \ub2e4\uc74c\uacfc \uac19\uc740 \uc8fc\uc694 \uc11c\ube44\uc2a4\ub97c \uc81c\uacf5\ud569\ub2c8\ub2e4:<\/p><ul><li><strong>\uc785\uc9c0 \ubb3c\uc0c9: <\/strong>\ud68c\uc0ac\uac00 \uc790\ub97c\ub780\ud2b8 \ub0b4\uc5d0\uc11c \uc801\ud569\ud55c \ubd80\uc9c0\ub97c \ucc3e\uc744 \uc218 \uc788\ub3c4\ub85d \ub3d5\uc2b5\ub2c8\ub2e4.<\/li><li><strong>\uac74\ucd95 \ubc0f \ubd80\ub3d9\uc0b0:<\/strong> \uac74\ubb3c \uac74\ucd95 \ubc0f \uc0c1\uc5c5\uc6a9 \ubd80\uc9c0 \ud65c\uc6a9 \uc804 \uacfc\uc815\uc744 \ub3d9\ud589\ud569\ub2c8\ub2e4.<\/li><li><strong>\uae30\uc5c5 \uc720\uce58\uc640 \uc9c0\uc6d0:<\/strong> \uae30\uc5c5 \uc815\ucc29\uc2dc \uacc4\ud68d \ub2e8\uacc4\ubd80\ud130 \uc2e4\uc81c \uc6b4\uc601\uc774 \ub418\uae30\uae4c\uc9c0 \uc815\ucc29 \uc804 \uacfc\uc815\uc744 \uc9c0\uc6d0\ud569\ub2c8\ub2e4.<\/li><li><strong>\ucc44\uc6a9 \ubc0f \uc778\uc801 \ub124\ud2b8\uc6cc\ud06c:<\/strong> \uc9c1\uc6d0 \ucc44\uc6a9\uacfc \uc778\uc801 \ub124\ud2b8\uc6cc\ud06c \uad6c\ucd95\uc744 \ub3d5\uc2b5\ub2c8\ub2e4.<\/li><li><strong>\ub300\uc678\ubb34\uc5ed:<\/strong> \ud574\uc678 \uc2e0\uaddc \uc2dc\uc7a5 \uc9c4\ucd9c \ubc0f \uad6d\uc81c \ud504\ub85c\uc81d\ud2b8\uc5d0 \ub300\ud55c \uc790\ubb38\uc744 \uc81c\uacf5\ud569\ub2c8\ub2e4.<\/li><li><strong>\uc9c0\uc18d \uac00\ub2a5\uc131:<\/strong> \uc0c8\ub85c\uc6b4 \ud22c\uc790\ub97c \uc704\ud574\uc11c \ubbf8\uc0ac\uc6a9 \ubd80\uc9c0(\u201c\ube0c\ub77c\uc6b4\ud544\ub4dc\u201c)\ub3c4 \uac1c\ubc1c\ud569\ub2c8\ub2e4.<\/li><li><strong>\ud589\uc0ac:<\/strong> \uacbd\uc81c \uad00\ub828 \ucd9c\uc7a5, \ubc15\ub78c\ud68c, \uad6d\uc81c \ud30c\ud2b8\ub108\uc640\uc758 \uad50\ub958 \ud589\uc0ac\ub97c \uc8fc\uad00\ud569\ub2c8\ub2e4.<\/li><\/ul><p> <\/p><p>\ubaa9\ud45c\ub294 \uc790\ub97c\ub780\ud2b8 \uc8fc\uc758 <strong>\ud22c\uc790\uc790\uc640 \uae30\uc5c5\ub4e4\uc774<\/strong> \uc774 \uacf3\uc5d0\uc11c \uc131\uacf5\uc801\uc73c\ub85c \ud65c\ub3d9\ud560 \uc218 \uc788\ub3c4\ub85d \uc9c0\uc6d0\ud558\ub294 \uac83\uc785\ub2c8\ub2e4.<\/p><p>SHS\ub294 \uc790\ub97c\ub780\ud2b8 \uc8fc\uc758 \uc704\uc784\uc744 \ubc1b\uc544 \ud65c\ub3d9\ud569\ub2c8\ub2e4.<\/p><p><strong>\uc694\uad6c\uc0ac\ud56d\uacfc\uc758 \ubd80\ud569 \ud604\ud669<\/strong><\/p><p>\ubcf8 \uc6f9\uc0ac\uc774\ud2b8\ub294 \ud604\uc7ac \uc7a5\uc560\ubb3c \uc5c6\ub294 \uc815\ubcf4\uae30\uc220 \uaddc\uc815(BITV 2.0)\uc5d0\uc11c \uaddc\uc815\ud55c \uc6f9 \ucf58\ud150\uce20 \uc811\uadfc\uc131 \uc9c0\uce68(WCAG) 2.2 A \u2013 AA\uc758 \uc694\uad6c\uc0ac\ud56d\uc744 \uc77c\ubd80 \ucda9\uc871\ud558\uace0 \uc788\uc2b5\ub2c8\ub2e4. \uc544\uc9c1 \uc811\uadfc\uc131\uc774 \ubbf8\ud761\ud55c \ucf58\ud150\uce20\ub294 \uc544\ub798\uc5d0 \uba85\uc2dc\ub418\uc5b4 \uc788\uc2b5\ub2c8\ub2e4. \uc800\ud76c\ub294 \ub514\uc9c0\ud138 \uc11c\ube44\uc2a4\uc758 \uc811\uadfc\uc131 \uac1c\uc120\uc744 \uc704\ud574 \uc9c0\uc18d\uc801\uc73c\ub85c \ub178\ub825\ud558\uace0 \uc788\uc2b5\ub2c8\ub2e4.  <\/p><p><strong>\uc811\uadfc\uc131 \ubbf8\ud761 \ucf58\ud150\uce20<\/strong><\/p><p>\uc544\ub798\uc5d0 \uc5f4\uac70\ub41c \ucf58\ud150\uce20 \ubc0f \uae30\ub2a5\uc740 \ud604\uc7ac \uc644\uc804\ud55c \uc811\uadfc\uc131\uc774 \ud655\ubcf4\ub418\uc9c0 \uc54a\uc740 \uc0c1\ud0dc\uc785\ub2c8\ub2e4:<\/p><ul><li>\uc77c\ubd80 \uc774\ubbf8\uc9c0\uc5d0 (\uc2a4\ud06c\ub9b0 \ub9ac\ub354\uac00 \uc77d\uc744 \uc218 \uc788\ub294) \ub300\uccb4 \ud14d\uc2a4\ud2b8\uac00 \uc5c6\uc2b5\ub2c8\ub2e4.<\/li><li>\uc77c\ubd80 \uc601\uc0c1\uc5d0 \uc790\ub9c9 \ubc0f\/\ub610\ub294 \uc2dc\uac01\uc801 \ucf58\ud150\uce20\uc5d0 \ub300\ud55c \uc124\uba85(\uc624\ub514\uc624 \uc124\uba85)\uc774 \uc5c6\uc2b5\ub2c8\ub2e4.<\/li><li>\ucf58\ud150\uce20 \uac04 \uad00\uacc4 \uad6c\uc870\uac00 \uc77c\ubd80 \uba85\ud655\ud558\uc9c0 \uc54a\uc544, \ud0a4\ubcf4\ub4dc \uc870\uc791\uc774 \uc5b4\ub824\uc6b8 \uc218 \uc788\uc2b5\ub2c8\ub2e4. \uc774\ub85c \uc778\ud574 \ucf58\ud150\uce20 \ub0b4\uc6a9\uc774\ub098 \ub0b4\uc6a9 \uac04\uc758 \uc5f0\uad00\uc131 \uc774\ud574\ub3c4\uc5d0 \uc601\ud5a5\uc774 \uac08 \uc218 \uc788\uc2b5\ub2c8\ub2e4. <\/li><li>\uc77c\ubd80 \ub9c1\ud06c\/\ubc84\ud2bc\uc758 \uac00\uc2dc\uc131\uc774 (\uc0c9\uc0c1 \ub300\ube44) \uc544\uc9c1 \uc870\uae08 \ub0ae\uc2b5\ub2c8\ub2e4.<\/li><li>200% \uc774\uc0c1 \ud655\ub300 \uc2dc, \ud398\uc774\uc9c0 \uc694\uc18c \ub808\uc774\uc544\uc6c3(\uc7ac\ubc30\uce58)\uc5d0 \ubb38\uc81c\uac00 \ubc1c\uc0dd\ud569\ub2c8\ub2e4.<\/li><li>\uc77c\ubd80 \ud14d\uc2a4\ud2b8\uac00 (\uc2a4\ud06c\ub9b0 \ub9ac\ub354\uac00 \uc77d\uc744 \uc218 \uc788\ub294) \ub300\uccb4 \ud14d\uc2a4\ud2b8 \uc5c6\uc774 \uc774\ubbf8\uc9c0\ub85c \uc0bd\uc785\ub418\uc5b4 \uc788\uc2b5\ub2c8\ub2e4.<\/li><li>\uc77c\ubd80 \uae00\uc790 \ud06c\uae30 \ubcc0\uacbd \uc2dc \ubb38\uc790 \ub610\ub294 \ub2e8\uc5b4 \uac04\uaca9\uc774 \ub108\ubb34 \uc881\uc544 \ubb38\uc81c\uac00 \uc788\uc744 \uc218 \uc788\uc2b5\ub2c8\ub2e4.<\/li><li>\uc77c\ubd80 \ucf58\ud150\uce20\ub294 \ub9c8\uc6b0\uc2a4 \uc624\ubc84\ub85c\ub9cc \ud45c\uc2dc\ub418\uc5b4 \uc2a4\ud06c\ub9b0 \ub9ac\ub354\ub098 \ud0a4\ubcf4\ub4dc \uc870\uc791\uc73c\ub85c\ub294 \uc811\uadfc\uc774 \ubd88\uac00\ud569\ub2c8\ub2e4.<\/li><li>\ud2b9\uc815 \uc694\uc18c\ub294 \ud0a4\ubcf4\ub4dc\ub85c \uc811\uadfc\ud560 \uc218 \uc5c6\uc2b5\ub2c8\ub2e4. \ud0a4\ubcf4\ub4dc \ud568\uc815\uc774 \uc788\ub294 \uc18c\uc218\uc758 \uacbd\uc6b0\uc5d0\ub294 \ud0a4\ubcf4\ub4dc\ub85c \uc694\uc18c\ub97c \ub2eb\uc744 \uc218 \uc5c6\uc2b5\ub2c8\ub2e4. <\/li><li>\uc5b4\ub5a4 \uacbd\uc6b0\uc5d0\ub294 \uc774\ubbf8\uc9c0 \uc2ac\ub77c\uc774\ub354\uac00 \ub108\ubb34 \ube60\ub974\uac8c \uc7ac\uc0dd\ub418\uc5b4 \ub0b4\uc6a9 \uc774\ud574\uac00 \uc5b4\ub824\uc6b8 \uc218 \uc788\uc73c\uba70, \uc774 \uacbd\uc6b0 \uc774\ubbf8\uc9c0 \uc2ac\ub77c\uc774\ub354\ub97c \uc815\uc9c0\uc2dc\ud0a4\uac70\ub098 \uc18d\ub3c4 \uc870\uc808\ub97c \ud560 \uc218 \uc5c6\uc2b5\ub2c8\ub2e4.<\/li><li>\ud0a4\ubcf4\ub4dc \/ \uc2a4\ud06c\ub9b0 \ub9ac\ub354\ub97c \ud1b5\ud55c \ud0d0\uc0c9\uc774 \uc81c\ud55c\uc801\uc73c\ub85c\ub9cc \uac00\ub2a5\ud569\ub2c8\ub2e4. \uc77c\ubd80 \uc694\uc18c\ub294 \uc758\ub3c4\uce58 \uc54a\uac8c \uac74\ub108\ub6f0\uae30 \ub429\ub2c8\ub2e4. <\/li><li>\ud3ec\ucee4\uc2a4 \uc21c\uc11c\uac00 \uc77c\ubd80 \uba85\ud655\ud558\uc9c0 \uc54a\uac70\ub098, \ud3ec\ucee4\uc2a4\uac00 \ub41c \ucf58\ud150\uce20 \uc2dd\ubcc4\uc774 \uc5b4\ub824\uc6b8 \uc218 \uc788\uc2b5\ub2c8\ub2e4.<\/li><li>\ud3ec\ucee4\uc2a4\uac00 \ub208\uc5d0 \ubcf4\uc774\uc9c0 \uc54a\uc2b5\ub2c8\ub2e4.<\/li><li>\ubd80\ubd84\uc801\uc73c\ub85c \uc6f9\uc0ac\uc774\ud2b8 \uc815\ubcf4\uc5d0 \uc811\uadfc\ud558\ub294 \uacbd\ub85c\uac00 \ud558\ub098\ubfd0\uc774\uba70 \ub2e4\ub978 \ub300\uc548\uc774 \uc5c6\uc2b5\ub2c8\ub2e4.<\/li><li>\uc77c\ubd80 \ud398\uc774\uc9c0\uc758 \ud5e4\ub4dc\ub77c\uc778\uc774 \uba85\ud655\ud558\uac8c \uac15\uc870\ub418\uc9c0 \uc54a\uc558\uac70\ub098 \uc758\ubbf8 \uc804\ub2ec\uc774 \ucda9\ubd84\ud558\uc9c0 \uc54a\uc2b5\ub2c8\ub2e4.<\/li><li>\uc544\uc9c1 \uc77c\ubd80 \uc785\ub825 \uc624\ub958\uc5d0 \ub300\ud55c \ucda9\ubd84\ud55c \ubc29\uc9c0\ucc45\uc774 \uc5c6\uc2b5\ub2c8\ub2e4. (\uc608: \uc591\uc2dd \ubcf4\ub0b4\uae30 \uc804).<\/li><li>\uc77c\ubd80 \ubc84\ud2bc\/\ub9c1\ud06c\/\uc785\ub825\ucc3d \ub4f1\uc758 \ub77c\ubca8\uc774 \ucf54\ub4dc \ub0b4\uc5d0 \ud14d\uc2a4\ud2b8\ub85c \uc874\uc7ac\ud558\uc9c0 \uc54a\uc544 \uc2a4\ud06c\ub9b0 \ub9ac\ub354\uac00 \uc81c\ub300\ub85c \uc77d\uc744 \uc218 \uc5c6\ub294 \uacbd\uc6b0\uac00 \uc788\uc2b5\ub2c8\ub2e4.<\/li><li>\uc77c\ubd80 \ub9c1\ud06c\/\ubc84\ud2bc \ub4f1\uc758 \ud074\ub9ad \uc601\uc5ed\uc774 \ub108\ubb34 \uc791\uc544 \uc815\ud655\ud558\uac8c \ud074\ub9ad\ud558\uae30\uac00 \uc5b4\ub824\uc6b8 \uc218 \uc788\uc2b5\ub2c8\ub2e4.<\/li><li>\uc77c\ubd80 \uc0ac\uc804 \uacbd\uace0 \uc5c6\uc774 \ucee8\ud14d\uc2a4\ud2b8\uac00 \ubcc0\uacbd\ub418\ub294 \uacbd\uc6b0\uac00 \uc788\uc2b5\ub2c8\ub2e4. \ud2b9\ud788, \uc5b8\uc5b4 \ubcc0\uacbd \uc2dc \uc7ac\ud655\uc778 \uc808\ucc28 \uc5c6\uc774 \ud398\uc774\uc9c0\uac00 \ubc14\ub85c \uc0c8\ub85c\uace0\uce68 \ub429\ub2c8\ub2e4. <\/li><li>\uc77c\ubd80 \uc5f0\ub77d\ucc98 \uc591\uc2dd\uc758 \ubb38\uad6c \ubc0f \uc624\ub958 \uc548\ub0b4\uac00 \ucda9\ubd84\ud788 \uba85\ud655\ud558\uc9c0 \uc54a\uc744 \uc218 \uc788\uc2b5\ub2c8\ub2e4.<\/li><li>\uc2a4\ud06c\ub9b0 \ub9ac\ub354\uac00 \uc678\uad6d\uc5b4 \ud14d\uc2a4\ud2b8\ub97c \uc77c\ubd80 \uc798\ubabb\ub41c \ubc1c\uc74c\uc73c\ub85c \uc77d\uc744 \uc218 \uc788\uc2b5\ub2c8\ub2e4 (\uc608: \uc601\uc5b4 \ubb38\uc7a5\uc744 \ub3c5\uc77c\uc5b4 \ubc1c\uc74c\uc73c\ub85c \uc77d\uae30).<\/li><li>\uc77c\ubd80 \ubc95\uc801 \uac70\ub798(\uc591\uc2dd\uc744 \ud1b5\ud574 \uc8fc\ubb38\ud558\ub294 \uacbd\uc6b0)\uc758 \uc624\ub958 \ubc29\uc9c0\ucc45\uc774 \ubbf8\ud761\ud560 \uc218 \uc788\uc2b5\ub2c8\ub2e4. \ubc95\uc801 \ucc45\uc784\uc774 \ub530\ub974\ub294 \ub3d9\uc758\uac00 \ub2e8\uc77c \uc591\uc2dd\uc73c\ub85c \ucd94\uac00 \ud655\uc778 \uc808\ucc28 \uc5c6\uc774 (\ud55c \ubc88\uc758 \ud074\ub9ad\uc73c\ub85c) \uc81c\ucd9c\ub420 \uc218 \uc788\uc2b5\ub2c8\ub2e4. <\/li><li>\ubaa8\ub4e0 \ucee8\ud150\uce20\uac00 \uc26c\uc6b4 \uc5b8\uc5b4\ub85c \uc81c\uacf5\ub418\uc9c0\ub294 \uc54a\uc2b5\ub2c8\ub2e4.<\/li><li>\ud3ec\ud568\ub41c PDF \ud30c\uc77c\uc740 \ud604\uc7ac \uc811\uadfc\uc131\uc774 \ucda9\ubd84\uce58 \uc54a\uc2b5\ub2c8\ub2e4 (\ubb38\uc81c \ubc1c\uacac\uc2dc: \uc800\ud76c\uc5d0\uac8c \uc694\uccad\ud558\uc2dc\uba74 \uc811\uadfc \uac00\ub2a5\ud55c \ubc84\uc804\uc73c\ub85c \ubcf4\ub0b4 \ub4dc\ub9bd\ub2c8\ub2e4 \u2013 service@germanys.saarland \uc774\uba54\uc77c \uc8fc\uc18c\ub85c \ubb38\uc758\ud574 \uc8fc\uc2ed\uc2dc\uc624.<\/li><\/ul><p><strong> <\/strong><\/p><p><strong>\uacc4\ud68d\ub41c \ub300\ucc45 \ubc29\uc548:<\/strong><\/p><p>\ud604\uc7ac \uc800\ud76c\ub294 \uc6f9\uc0ac\uc774\ud2b8\uc758 \uc811\uadfc\uc131 \uac1c\uc120 \uc791\uc5c5\uc744 \ud65c\ubc1c\ud788 \uc9c4\ud589 \uc911\uc5d0 \uc788\uc2b5\ub2c8\ub2e4. \uc55e\uc5d0 \uc5b8\uae09\ud55c \uc544\uc9c1 \uc811\uadfc\uc131\uc774 \ud655\ubcf4\ub418\uc9c0 \uc54a\uc740 \ucf58\ud150\uce20\uc640 \uae30\ub2a5\ub4e4\uc744 2025\ub144 \ub0b4\uc5d0 \uc870\uc18d\ud788 \uac1c\uc120\ud558\uc5ec, \ubaa8\ub4e0 \ud544\uc218 \ucf58\ud150\uce20\ub97c\uc774 \uc644\uc804\ud788 \uc811\uadfc \uac00\ub2a5\ud55c \uc0c1\ud0dc\ub85c \uc81c\uacf5\ub418\ub3c4\ub85d \ud560 \uc608\uc815\uc785\ub2c8\ub2e4. <\/p><p><strong>\ubcf8 \uc120\uc5b8\uc758 \uc791\uc131<\/strong><\/p><p>\ubcf8 \uc811\uadfc\uc131 \uc120\uc5b8\uc740 2025\ub144 10\uc6d4 2\uc77c\uc5d0 \uc791\uc131\ub418\uc5c8\uace0, 2025\ub144 10\uc6d4 2\uc77c \ucd5c\uc885\uc801\uc73c\ub85c \uac80\ud1a0\ub418\uc5c8\uc2b5\ub2c8\ub2e4. \uc5ec\uae30\uc5d0 \ud3ec\ud568\ub41c \ud3c9\uac00\ub294 \ucf58\ud150\uce20\uc5d0 \ub300\ud55c \ub0b4\ubd80 \uc790\uccb4 \ud3c9\uac00\ub97c \uae30\ubc18\uc73c\ub85c \ud569\ub2c8\ub2e4. <\/p><p><strong>\uc5f0\ub77d\ucc98 \ubc0f \ud53c\ub4dc\ubc31<\/strong><\/p><p>\uc800\ud76c \uc6f9\uc0ac\uc774\ud2b8\uc5d0\uc11c \uc811\uadfc \uad00\ub828 \ubd88\ud3b8 \uc0ac\ud56d\uc744 \ubc1c\uacac\ud558\uc168\uac70\ub098, \ub514\uc9c0\ud138 \uc811\uadfc\uc131\uc5d0 \ub300\ud55c \uc815\ubcf4\uac00 \ud544\uc694\ud558\uc2e0\uac00\uc694? \uadf8\ub807\ub2e4\uba74 \uc544\ub798 \uc5f0\ub77d\ucc98\ub85c \ubb38\uc758\ud574 \uc8fc\uc2ed\uc2dc\uc624: <\/p><p style=\"text-align: center;\">SHS<br>Strukturholding Saar GmbH<br>Abteilung \u00d6ffentlichkeitsarbeit(\uacf5\ubcf4\ubd80)<br>Balthasar-Goldstein-Stra\u00dfe 31<br>66131 Saarbr\u00fccken<br>\uc774\uba54\uc77c: <a href=\"mailto:service@germanys.saarland\">service@germanys.saarland<\/a><br>\uc804\ud654: +49 6893\/9899 600<\/p><p><strong>\uc774\ud589 \uc808\ucc28 (SBGG \uc81c 12\uc870 \uc81c 2\ud638 \ubc0f BITV 2.0\uc5d0 \ub530\ub978 \uc811\uadfc\uc131 \uad00\ub828) <\/strong><\/p><p>\uc811\uadfc\uc131\uacfc \uad00\ub828\ud55c \ubb38\uc758\uc5d0 \ub300\ud574 \ub9cc\uc871\uc2a4\ub7ec\uc6b4 \ub2f5\ubcc0\uc744 \ubc1b\uc9c0 \ubabb\ud558\uc2e0 \uacbd\uc6b0, \uc790\ub97c\ub780\ud2b8\uc758 \uad00\ud560 \uc9d1\ud589 \uae30\uad00\uc5d0 \ubb38\uc758\ud558\uc2e4 \uc218 \uc788\uc2b5\ub2c8\ub2e4:<\/p><p style=\"text-align: center;\">\ub178\ub3d9, \uc0ac\ud68c, \uc5ec\uc131, \ubcf4\uac74\ubd80 \u2013 \ub514\uc9c0\ud138 \uc811\uadfc\uc131 \uc9d1\ud589\ucc98<br>Franz-Josef-R\u00f6der-Stra\u00dfe 23<br>66119 Saarbr\u00fccken<br>\uc774\uba54\uc77c: <a href=\"mailto:barrierefreiheit@soziales.saarland.de\">barrierefreiheit@soziales.saarland.de<\/a><br>\uc6f9\uc0ac\uc774\ud2b8: <a href=\"https:\/\/www.saarland.de\/masfg\/DE\/portale\/sozialesleben\/leistungensoziales\/landesfachstelle_barrierefreiheit\">https:\/\/www.saarland.de\/masfg\/DE\/portale\/sozialesleben\/<br>leistungensoziales\/landesfachstelle_barrierefreiheit<\/a><\/p>\t\t\t\t\t\t\t\t<\/div>\n\t\t\t\t<\/div>\n\t\t\t\t\t<\/div>\n\t\t\t\t<\/div>\n\t\t\t\t<\/div>\n\t\t","protected":false},"excerpt":{"rendered":"<p>\uc811\uadfc\uc131 \uc120\uc5b8 SHS Strukturholding Saar GmbH (\uc774\ud558: \u201eSHS\u201c)\ub294 \uc790\uc0ac\uc758 \uc6f9\uc0ac\uc774\ud2b8\uc778 germanys.saarland\ub97c \uc720\ub7fd \ud45c\uc900 EN 301 549 \ubc0f \uc790\ub97c\ub780\ud2b8 \uc8fc \uc7a5\uc560\uc778\ud3c9\ub4f1\ubc95(SBGG) \uc81c \u00a7 12\uc870 \uc81c 2\ud638, \ub610 \uc7a5\uc560\ubb3c \uc5c6\ub294 \uc815\ubcf4\uae30\uc220 \uaddc\uc815(BITV 2.0)\uc5d0 \ub530\ub77c \uac04\uc12d \uc5c6\uc774 \uc811\uadfc \uac00\ub2a5\ud55c \uc0c1\ud0dc\ub85c \uc81c\uacf5\ud558\uae30 \uc704\ud574 \ub178\ub825\ud558\uace0 \uc788\uc2b5\ub2c8\ub2e4. \uc11c\ube44\uc2a4\uc5d0 \ub300\ud55c \uc124\uba85 SHS\ub294 germanys.saarland \uc6f9\uc0ac\uc774\ud2b8\ub97c \uc6b4\uc601\ud558\uace0 \uc788\uc2b5\ub2c8\ub2e4. \uc774 \uc778\ud130\ub137 \uc0ac\uc774\ud2b8\ub294 \uacbd\uc81c\uc801 \uc785\uc9c0 \uba74\uc5d0\uc11c [&hellip;]<\/p>\n","protected":false},"author":1,"featured_media":0,"parent":0,"menu_order":0,"comment_status":"closed","ping_status":"closed","template":"","meta":{"_acf_changed":false,"footnotes":""},"class_list":["post-9725","page","type-page","status-publish","hentry"],"acf":[],"yoast_head":"<!-- This site is optimized with the Yoast SEO plugin v27.3 - https:\/\/yoast.com\/product\/yoast-seo-wordpress\/ -->\n<title>\uc811\uadfc\uc131 \uc120\uc5b8 | GW Saarland<\/title>\n<meta name=\"robots\" content=\"index, follow, max-snippet:-1, max-image-preview:large, max-video-preview:-1\" \/>\n<link rel=\"canonical\" href=\"https:\/\/germanys.saarland\/barrierefreiheitserklaerung\/\" \/>\n<meta property=\"og:locale\" content=\"ko_KR\" \/>\n<meta property=\"og:type\" content=\"article\" \/>\n<meta property=\"og:title\" content=\"\uc811\uadfc\uc131 \uc120\uc5b8 | GW Saarland\" \/>\n<meta property=\"og:description\" content=\"\uc811\uadfc\uc131 \uc120\uc5b8 SHS Strukturholding Saar GmbH (\uc774\ud558: \u201eSHS\u201c)\ub294 \uc790\uc0ac\uc758 \uc6f9\uc0ac\uc774\ud2b8\uc778 germanys.saarland\ub97c \uc720\ub7fd \ud45c\uc900 EN 301 549 \ubc0f \uc790\ub97c\ub780\ud2b8 \uc8fc \uc7a5\uc560\uc778\ud3c9\ub4f1\ubc95(SBGG) \uc81c \u00a7 12\uc870 \uc81c 2\ud638, \ub610 \uc7a5\uc560\ubb3c \uc5c6\ub294 \uc815\ubcf4\uae30\uc220 \uaddc\uc815(BITV 2.0)\uc5d0 \ub530\ub77c \uac04\uc12d \uc5c6\uc774 \uc811\uadfc \uac00\ub2a5\ud55c \uc0c1\ud0dc\ub85c \uc81c\uacf5\ud558\uae30 \uc704\ud574 \ub178\ub825\ud558\uace0 \uc788\uc2b5\ub2c8\ub2e4. \uc11c\ube44\uc2a4\uc5d0 \ub300\ud55c \uc124\uba85 SHS\ub294 germanys.saarland \uc6f9\uc0ac\uc774\ud2b8\ub97c \uc6b4\uc601\ud558\uace0 \uc788\uc2b5\ub2c8\ub2e4. \uc774 \uc778\ud130\ub137 \uc0ac\uc774\ud2b8\ub294 \uacbd\uc81c\uc801 \uc785\uc9c0 \uba74\uc5d0\uc11c [&hellip;]\" \/>\n<meta property=\"og:url\" content=\"https:\/\/germanys.saarland\/barrierefreiheitserklaerung\/\" \/>\n<meta property=\"og:site_name\" content=\"GW Saarland\" \/>\n<meta property=\"article:publisher\" content=\"https:\/\/www.facebook.com\/germanys.saarland\/\" \/>\n<meta property=\"article:modified_time\" content=\"2026-04-01T13:47:00+00:00\" \/>\n<meta name=\"twitter:card\" content=\"summary_large_image\" \/>\n<script type=\"application\/ld+json\" class=\"yoast-schema-graph\">{\"@context\":\"https:\\\/\\\/schema.org\",\"@graph\":[{\"@type\":\"WebPage\",\"@id\":\"https:\\\/\\\/germanys.saarland\\\/barrierefreiheitserklaerung\\\/\",\"url\":\"https:\\\/\\\/germanys.saarland\\\/barrierefreiheitserklaerung\\\/\",\"name\":\"\uc811\uadfc\uc131 \uc120\uc5b8 | GW Saarland\",\"isPartOf\":{\"@id\":\"https:\\\/\\\/germanys.saarland\\\/en\\\/#website\"},\"datePublished\":\"2025-10-15T11:09:55+00:00\",\"dateModified\":\"2026-04-01T13:47:00+00:00\",\"breadcrumb\":{\"@id\":\"https:\\\/\\\/germanys.saarland\\\/barrierefreiheitserklaerung\\\/#breadcrumb\"},\"inLanguage\":\"ko-KR\",\"potentialAction\":[{\"@type\":\"ReadAction\",\"target\":[\"https:\\\/\\\/germanys.saarland\\\/barrierefreiheitserklaerung\\\/\"]}]},{\"@type\":\"BreadcrumbList\",\"@id\":\"https:\\\/\\\/germanys.saarland\\\/barrierefreiheitserklaerung\\\/#breadcrumb\",\"itemListElement\":[{\"@type\":\"ListItem\",\"position\":1,\"name\":\"Startseite\",\"item\":\"https:\\\/\\\/germanys.saarland\\\/\"},{\"@type\":\"ListItem\",\"position\":2,\"name\":\"\uc811\uadfc\uc131 \uc120\uc5b8\"}]},{\"@type\":\"WebSite\",\"@id\":\"https:\\\/\\\/germanys.saarland\\\/en\\\/#website\",\"url\":\"https:\\\/\\\/germanys.saarland\\\/en\\\/\",\"name\":\"Germanys Saarland\",\"description\":\"\",\"publisher\":{\"@id\":\"https:\\\/\\\/germanys.saarland\\\/en\\\/#organization\"},\"potentialAction\":[{\"@type\":\"SearchAction\",\"target\":{\"@type\":\"EntryPoint\",\"urlTemplate\":\"https:\\\/\\\/germanys.saarland\\\/en\\\/?s={search_term_string}\"},\"query-input\":{\"@type\":\"PropertyValueSpecification\",\"valueRequired\":true,\"valueName\":\"search_term_string\"}}],\"inLanguage\":\"ko-KR\"},{\"@type\":\"Organization\",\"@id\":\"https:\\\/\\\/germanys.saarland\\\/en\\\/#organization\",\"name\":\"Germanys Saarland\",\"url\":\"https:\\\/\\\/germanys.saarland\\\/en\\\/\",\"logo\":{\"@type\":\"ImageObject\",\"inLanguage\":\"ko-KR\",\"@id\":\"https:\\\/\\\/germanys.saarland\\\/en\\\/#\\\/schema\\\/logo\\\/image\\\/\",\"url\":\"https:\\\/\\\/germanys.saarland\\\/wp-content\\\/uploads\\\/gwsaar-logo-neu.png\",\"contentUrl\":\"https:\\\/\\\/germanys.saarland\\\/wp-content\\\/uploads\\\/gwsaar-logo-neu.png\",\"width\":600,\"height\":134,\"caption\":\"Germanys Saarland\"},\"image\":{\"@id\":\"https:\\\/\\\/germanys.saarland\\\/en\\\/#\\\/schema\\\/logo\\\/image\\\/\"},\"sameAs\":[\"https:\\\/\\\/www.facebook.com\\\/germanys.saarland\\\/\",\"https:\\\/\\\/www.instagram.com\\\/germanys.saarland\\\/\",\"https:\\\/\\\/de.linkedin.com\\\/company\\\/gwsaar-saarland-economic-promotion-corporation\"]}]}<\/script>\n<!-- \/ Yoast SEO plugin. -->","yoast_head_json":{"title":"\uc811\uadfc\uc131 \uc120\uc5b8 | GW Saarland","robots":{"index":"index","follow":"follow","max-snippet":"max-snippet:-1","max-image-preview":"max-image-preview:large","max-video-preview":"max-video-preview:-1"},"canonical":"https:\/\/germanys.saarland\/barrierefreiheitserklaerung\/","og_locale":"ko_KR","og_type":"article","og_title":"\uc811\uadfc\uc131 \uc120\uc5b8 | GW Saarland","og_description":"\uc811\uadfc\uc131 \uc120\uc5b8 SHS Strukturholding Saar GmbH (\uc774\ud558: \u201eSHS\u201c)\ub294 \uc790\uc0ac\uc758 \uc6f9\uc0ac\uc774\ud2b8\uc778 germanys.saarland\ub97c \uc720\ub7fd \ud45c\uc900 EN 301 549 \ubc0f \uc790\ub97c\ub780\ud2b8 \uc8fc \uc7a5\uc560\uc778\ud3c9\ub4f1\ubc95(SBGG) \uc81c \u00a7 12\uc870 \uc81c 2\ud638, \ub610 \uc7a5\uc560\ubb3c \uc5c6\ub294 \uc815\ubcf4\uae30\uc220 \uaddc\uc815(BITV 2.0)\uc5d0 \ub530\ub77c \uac04\uc12d \uc5c6\uc774 \uc811\uadfc \uac00\ub2a5\ud55c \uc0c1\ud0dc\ub85c \uc81c\uacf5\ud558\uae30 \uc704\ud574 \ub178\ub825\ud558\uace0 \uc788\uc2b5\ub2c8\ub2e4. \uc11c\ube44\uc2a4\uc5d0 \ub300\ud55c \uc124\uba85 SHS\ub294 germanys.saarland \uc6f9\uc0ac\uc774\ud2b8\ub97c \uc6b4\uc601\ud558\uace0 \uc788\uc2b5\ub2c8\ub2e4. \uc774 \uc778\ud130\ub137 \uc0ac\uc774\ud2b8\ub294 \uacbd\uc81c\uc801 \uc785\uc9c0 \uba74\uc5d0\uc11c [&hellip;]","og_url":"https:\/\/germanys.saarland\/barrierefreiheitserklaerung\/","og_site_name":"GW Saarland","article_publisher":"https:\/\/www.facebook.com\/germanys.saarland\/","article_modified_time":"2026-04-01T13:47:00+00:00","twitter_card":"summary_large_image","schema":{"@context":"https:\/\/schema.org","@graph":[{"@type":"WebPage","@id":"https:\/\/germanys.saarland\/barrierefreiheitserklaerung\/","url":"https:\/\/germanys.saarland\/barrierefreiheitserklaerung\/","name":"\uc811\uadfc\uc131 \uc120\uc5b8 | GW Saarland","isPartOf":{"@id":"https:\/\/germanys.saarland\/en\/#website"},"datePublished":"2025-10-15T11:09:55+00:00","dateModified":"2026-04-01T13:47:00+00:00","breadcrumb":{"@id":"https:\/\/germanys.saarland\/barrierefreiheitserklaerung\/#breadcrumb"},"inLanguage":"ko-KR","potentialAction":[{"@type":"ReadAction","target":["https:\/\/germanys.saarland\/barrierefreiheitserklaerung\/"]}]},{"@type":"BreadcrumbList","@id":"https:\/\/germanys.saarland\/barrierefreiheitserklaerung\/#breadcrumb","itemListElement":[{"@type":"ListItem","position":1,"name":"Startseite","item":"https:\/\/germanys.saarland\/"},{"@type":"ListItem","position":2,"name":"\uc811\uadfc\uc131 \uc120\uc5b8"}]},{"@type":"WebSite","@id":"https:\/\/germanys.saarland\/en\/#website","url":"https:\/\/germanys.saarland\/en\/","name":"Germanys Saarland","description":"","publisher":{"@id":"https:\/\/germanys.saarland\/en\/#organization"},"potentialAction":[{"@type":"SearchAction","target":{"@type":"EntryPoint","urlTemplate":"https:\/\/germanys.saarland\/en\/?s={search_term_string}"},"query-input":{"@type":"PropertyValueSpecification","valueRequired":true,"valueName":"search_term_string"}}],"inLanguage":"ko-KR"},{"@type":"Organization","@id":"https:\/\/germanys.saarland\/en\/#organization","name":"Germanys Saarland","url":"https:\/\/germanys.saarland\/en\/","logo":{"@type":"ImageObject","inLanguage":"ko-KR","@id":"https:\/\/germanys.saarland\/en\/#\/schema\/logo\/image\/","url":"https:\/\/germanys.saarland\/wp-content\/uploads\/gwsaar-logo-neu.png","contentUrl":"https:\/\/germanys.saarland\/wp-content\/uploads\/gwsaar-logo-neu.png","width":600,"height":134,"caption":"Germanys Saarland"},"image":{"@id":"https:\/\/germanys.saarland\/en\/#\/schema\/logo\/image\/"},"sameAs":["https:\/\/www.facebook.com\/germanys.saarland\/","https:\/\/www.instagram.com\/germanys.saarland\/","https:\/\/de.linkedin.com\/company\/gwsaar-saarland-economic-promotion-corporation"]}]}},"_links":{"self":[{"href":"https:\/\/germanys.saarland\/ko\/wp-json\/wp\/v2\/pages\/9725","targetHints":{"allow":["GET"]}}],"collection":[{"href":"https:\/\/germanys.saarland\/ko\/wp-json\/wp\/v2\/pages"}],"about":[{"href":"https:\/\/germanys.saarland\/ko\/wp-json\/wp\/v2\/types\/page"}],"author":[{"embeddable":true,"href":"https:\/\/germanys.saarland\/ko\/wp-json\/wp\/v2\/users\/1"}],"replies":[{"embeddable":true,"href":"https:\/\/germanys.saarland\/ko\/wp-json\/wp\/v2\/comments?post=9725"}],"version-history":[{"count":9,"href":"https:\/\/germanys.saarland\/ko\/wp-json\/wp\/v2\/pages\/9725\/revisions"}],"predecessor-version":[{"id":9734,"href":"https:\/\/germanys.saarland\/ko\/wp-json\/wp\/v2\/pages\/9725\/revisions\/9734"}],"wp:attachment":[{"href":"https:\/\/germanys.saarland\/ko\/wp-json\/wp\/v2\/media?parent=9725"}],"curies":[{"name":"wp","href":"https:\/\/api.w.org\/{rel}","templated":true}]}}