{"id":9735,"date":"2025-10-15T13:09:55","date_gmt":"2025-10-15T11:09:55","guid":{"rendered":"https:\/\/germanys.saarland\/engelsiz-erisilebilirlik-beyani\/"},"modified":"2026-04-01T15:47:00","modified_gmt":"2026-04-01T13:47:00","slug":"engelsiz-erisilebilirlik-beyani","status":"publish","type":"page","link":"https:\/\/germanys.saarland\/tr\/engelsiz-erisilebilirlik-beyani\/","title":{"rendered":"Engelsiz eri\u015filebilirlik beyan\u0131"},"content":{"rendered":"\t\t<div data-elementor-type=\"wp-page\" data-elementor-id=\"9735\" class=\"elementor elementor-9735 elementor-9710\" data-elementor-post-type=\"page\">\n\t\t\t\t<div class=\"elementor-element elementor-element-05cd740 e-flex e-con-boxed e-con e-parent\" data-id=\"05cd740\" data-element_type=\"container\" data-e-type=\"container\">\n\t\t\t\t\t<div class=\"e-con-inner\">\n\t\t\t\t<div class=\"elementor-element elementor-element-7bc55d9 elementor-widget elementor-widget-heading\" data-id=\"7bc55d9\" data-element_type=\"widget\" data-e-type=\"widget\" data-widget_type=\"heading.default\">\n\t\t\t\t<div class=\"elementor-widget-container\">\n\t\t\t\t\t<h1 class=\"elementor-heading-title elementor-size-default\">Engelsiz eri\u015filebilirlik beyan\u0131<\/h1>\t\t\t\t<\/div>\n\t\t\t\t<\/div>\n\t\t\t\t<div class=\"elementor-element elementor-element-2c1e6154 elementor-widget elementor-widget-text-editor\" data-id=\"2c1e6154\" data-element_type=\"widget\" data-e-type=\"widget\" data-widget_type=\"text-editor.default\">\n\t\t\t\t<div class=\"elementor-widget-container\">\n\t\t\t\t\t\t\t\t\t<p style=\"text-align: left;\">SHS Strukturholding Saar GmbH (bundan b\u00f6yle: &#8220;SHS&#8221;), germanys.saarland web sitesini Avrupa Birli\u011fi standard\u0131 EN 301 549 ve SBGG (Cinsiyet Kayd\u0131na ili\u015fkin Ki\u015fisel Karar Verme Hakk\u0131na dair Yasa) madde 12, no. 2 ve BITV (Engelsiz Eri\u015filebilir Bilgi Teknolojisine ili\u015fkin Y\u00f6netmelik) 2.0 h\u00fck\u00fcmlerine uygun olarak engelsiz eri\u015filebilir k\u0131lmak i\u00e7in \u00e7aba g\u00f6stermektedir.<\/p><p><strong>Verilen hizmetin tan\u0131m\u0131<\/strong><\/p><p>SHS, germanys.saarland web sitesini i\u015fletmektedir.<\/p><p>Bu internet sitesinde bir ekonomi b\u00f6lgesi olarak Saarland hakk\u0131nda bilgi verilmektedir.<br>SHS, bu siteyi kullan\u0131ma sunmaktad\u0131r. Bu site \u00fczerinden tan\u0131t\u0131lan hizmetlerin bir k\u0131sm\u0131 <strong>gwSaar Gesellschaft f\u00fcr Wirtschaftsf\u00f6rderung Saar mbH<\/strong> (Saar Ekonomik Kalk\u0131nma Kurumu) taraf\u0131ndan fiilen y\u00fcr\u00fct\u00fclmektedir; bu kurum, Saarland&#8217;da yat\u0131r\u0131m yapmak veya buraya yerle\u015fmek isteyen \u015firketlere destek olmaktad\u0131r. <\/p><p>Sunulan en \u00f6nemli hizmetler \u015funlard\u0131r:<\/p><ul><li><strong>Lokasyon belirlenmesi:<\/strong> \u015eirketlerin Saarland&#8217;da i\u015fletmeleri i\u00e7in uygun konumu bulmalar\u0131na yard\u0131mc\u0131 oluyoruz.<\/li><li><strong>\u0130n\u015faat und gayrimenkul:<\/strong> Binalar\u0131n yap\u0131m\u0131 ve ticari faaliyet sahalar\u0131n\u0131n kullan\u0131m\u0131 konusunda destek sa\u011fl\u0131yoruz.<\/li><li><strong>Kurulacak i\u015fletmenin yerle\u015fimi ve dan\u0131\u015fma:<\/strong> \u0130\u015fletme yerle\u015fim s\u00fcrecinin planlamas\u0131ndan s\u00fcrekli i\u015fletimine kadar t\u00fcm a\u015famalar\u0131nda \u015firketlere destek oluyoruz.<\/li><li><strong>Personel ve ileti\u015fim: <\/strong>Personel aray\u0131\u015f\u0131nda ve bir ileti\u015fim a\u011f\u0131 kurulmas\u0131nda yard\u0131mc\u0131 oluyoruz.<\/li><li><strong>D\u0131\u015f ticaret:<\/strong> \u015eirketlere yurt d\u0131\u015f\u0131 yeni pazarlara giri\u015f ve uluslararas\u0131 projelere kat\u0131l\u0131m konusunda dan\u0131\u015fmanl\u0131k hizmeti veriyoruz.<\/li><li><strong>S\u00fcrd\u00fcr\u00fclebilirlik: <\/strong>Yeni yat\u0131r\u0131mlar i\u00e7in kullan\u0131lmayan alanlar (&#8220;terkedilmi\u015f end\u00fcstri b\u00f6lgeleri&#8221;) ile ilgili projeler de geli\u015ftiriyoruz.<\/li><li><strong>Etkinlikler:<\/strong> Uluslararas\u0131 partnerler ile i\u015f gezileri, fuarlar ve toplant\u0131lar organize ediyoruz.<\/li><\/ul><p> <\/p><p>Hedefimiz, Saarland\u2019daki <strong>yat\u0131r\u0131mc\u0131lar\u0131 ve \u015firketleri<\/strong> destekleyerek burada ba\u015far\u0131l\u0131 bir \u015fekilde faaliyetlerini s\u00fcrd\u00fcrmelerini sa\u011flamakt\u0131r.<\/p><p>SHS, Saarland eyaleti temsilen faaliyet g\u00f6stermektedir.<\/p><p><strong>Gerekliliklerle uyumluluk<\/strong><\/p><p>Bu web sitesi \u015fu anda BITV 2.0&#8217;da ama\u00e7lanan Web \u0130\u00e7eri\u011fine Eri\u015filebilirlik \u0130lkeleri (WCAG) 2.2 A \u2013 AA kapsam\u0131ndaki gereklilikler ile k\u0131smen uyumludur. Eri\u015filebilir olmayan i\u00e7erikler a\u015fa\u011f\u0131da listelenmi\u015ftir. Sundu\u011fumuz dijital hizmetlere eri\u015filebilirli\u011fi iyile\u015ftirmek i\u00e7in s\u00fcrekli \u00e7al\u0131\u015f\u0131yoruz.  <\/p><p><strong>Engelsiz eri\u015filebilir olmayan i\u00e7erikler<\/strong><\/p><p>A\u015fa\u011f\u0131daki i\u00e7erikler ve fonksiyonlar \u015fu an i\u00e7in tam olarak engelsiz eri\u015filebilir de\u011fildir:<\/p><ul><li>G\u00f6rsellerin baz\u0131lar\u0131nda alternatif metinler (reader uygulamas\u0131n\u0131n sesli okuyabilece\u011fi) bulunmamaktad\u0131r.<\/li><li>Baz\u0131 videolarda altyaz\u0131 ve\/veya g\u00f6rsel i\u00e7erik a\u00e7\u0131klamas\u0131 (sesli a\u00e7\u0131klama) yoktur.<\/li><li>\u0130\u00e7eriklerin birbirleriyle olan ili\u015fkileri, k\u0131smen net olarak yap\u0131land\u0131r\u0131lmam\u0131\u015ft\u0131r, bu da klavye kullan\u0131m\u0131n\u0131 baz\u0131 alanlarda zorla\u015ft\u0131rmaktad\u0131r. Bu durum, s\u00f6z konusu i\u00e7eri\u011fin anla\u015f\u0131labilir olmas\u0131n\u0131 ve baz\u0131 i\u00e7eriklerin birbirleriyle olan ili\u015fkilerini de olumsuz etkileyebilir. <\/li><li>Baz\u0131 durumlarda linklerin\/butonlar\u0131n g\u00f6r\u00fcn\u00fcrl\u00fc\u011f\u00fc (renk a\u00e7\u0131s\u0131ndan) h\u00e2l\u00e2 yetersiz kalmaktad\u0131r.<\/li><li>%200 yak\u0131nla\u015ft\u0131rmadan itibaren \u00f6\u011felerin g\u00f6r\u00fcnt\u00fclenmesinde sorunlar ya\u015fanmaktad\u0131r (refLow\/tekrar ak\u0131\u015f).<\/li><li>Bazen metin bir g\u00f6rsel olarak, alternatif metinler (reader uygulamas\u0131n\u0131n sesli okuyabilece\u011fi) olmadan eklenmektedir.<\/li><li>Baz\u0131 durumlarda, karakter veya kelime aral\u0131klar\u0131n\u0131n \u00e7ok az olmas\u0131 nedeniyle metin boyutlar\u0131n\u0131n de\u011fi\u015ftirilmesi engellenebilmektedir.<\/li><li>\u00d6rne\u011fin yaln\u0131zca imleci \u00fczerine getirdi\u011finizde g\u00f6r\u00fcnt\u00fc sa\u011flanabildi\u011finden (hover) baz\u0131 i\u00e7eriklere ekran okuyucu veya klavye ile eri\u015filememektedir.<\/li><li>Belli baz\u0131 \u00f6\u011felere klavye ile eri\u015filememektedir. Az say\u0131da durumda klavye tuzaklar\u0131 mevcuttur (yani bir \u00f6\u011feyi tek ba\u015f\u0131na klavye ile kapatmak m\u00fcmk\u00fcn de\u011fildir). <\/li><li>Resim kayd\u0131r\u0131c\u0131lar\u0131, i\u00e7eri\u011fin herkes taraf\u0131ndan alg\u0131lanmas\u0131n\u0131 sa\u011flamak ad\u0131na a\u015f\u0131r\u0131 h\u0131zl\u0131 \u00e7al\u0131\u015f\u0131yor olabilir ve dolay\u0131s\u0131yla durdurmakta veya yava\u015flatmakta zorluk ya\u015fanmaktad\u0131r.<\/li><li>Klavye \/ ekran okuyucu ile ekranda gezinme sadece s\u0131n\u0131rl\u0131 olarak m\u00fcmk\u00fcnd\u00fcr. Baz\u0131 \u00f6\u011feler istenmeden atlanmaktad\u0131r. <\/li><li>Odak s\u0131ralamas\u0131 baz\u0131 durumlarda net de\u011fildir veya odak noktas\u0131n\u0131n hangi i\u00e7erik \u00fczerinde oldu\u011fu anla\u015f\u0131lamamaktad\u0131r.<\/li><li>Odak noktas\u0131 g\u00f6r\u00fcn\u00fcr de\u011fildir.<\/li><li>Baz\u0131 durumlarda web sitesindeki bilgilere ula\u015fman\u0131n sadece tek bir yolu mevcut olup, alternatif yoktur.<\/li><li>Site sayfalar\u0131ndaki ba\u015fl\u0131klar bazen yeterince belirgin veya yeterince anlaml\u0131 de\u011fildir.<\/li><li>Baz\u0131 durumlarda veri giri\u015fi hatalar\u0131na kar\u015f\u0131 yeterli koruma sa\u011flanamamaktad\u0131r (\u00f6rn. formlar\u0131 g\u00f6ndermeden \u00f6nce).<\/li><li>Butonlar\/linkler\/veri giri\u015f alanlar\u0131 vb. etiketleri, kodlamada k\u0131smen metin olarak bulunmamakta ve ekran okuyucu taraf\u0131ndan d\u00fczg\u00fcn bir \u015fekilde okunamamaktad\u0131r.<\/li><li>Linkler\/butonlar ve benzeri \u00f6\u011feler k\u0131smen \u00e7ok k\u00fc\u00e7\u00fck oldu\u011fundan, t\u0131klamada zorluk ya\u015fanabilmektedir.<\/li><li>Baz\u0131 durumlarda \u00f6zellikle site dili de\u011fi\u015ftirildi\u011finde, \u00f6nceden uyar\u0131 yap\u0131lmaks\u0131z\u0131n sayfa yeniden y\u00fckleniyor ve yeniden sorgulama yap\u0131lam\u0131yor. <\/li><li>\u0130leti\u015fim formundaki a\u00e7\u0131klamalar ve hata bildirimleri baz\u0131 durumlarda yeterince a\u00e7\u0131k de\u011fildir.<\/li><li>Ekran okuyucu, yabanc\u0131 dildeki k\u0131s\u0131mlar\u0131 bazen yanl\u0131\u015f telaffuzla okuyabilir (\u00f6rn. \u0130ngilizce bir metni Almanca telaffuzla okunmas\u0131).<\/li><li>Yasal\/ticari i\u015flemlerde (\u00f6rn. form \u00fczerinden sipari\u015f verilmesi) hata \u00f6nlemede yetersizlikler bulunmaktad\u0131r. Tek par\u00e7a formlar \u00fczerinden, baz\u0131 durumlarda tekrar onaylamaya gitmeden (tek t\u0131klama ile) ba\u011flay\u0131c\u0131 bir beyan g\u00f6nderilebilmektedir. <\/li><li>T\u00fcm i\u00e7erikler kolay anla\u015f\u0131l\u0131r dilde sunulmamaktad\u0131r.<\/li><li>Sitenin i\u00e7erdi\u011fi PDF dosyalar\u0131 \u015fu an i\u00e7in engelsiz eri\u015filebilir de\u011fildir (sorunun a\u015f\u0131lmas\u0131: \u0130stek \u00fczerine engelsiz versiyonlar\u0131 g\u00f6nderebiliriz \u2013 bunun i\u00e7in l\u00fctfen \u015fu adrese bir e-posta g\u00f6nderin: service@germanys.saarland<\/li><\/ul><p><strong> <\/strong><\/p><p><strong>Planland\u0131\u011f\u0131m\u0131z \u00f6nlemler:<\/strong><\/p><p>\u015eu s\u0131ralar web sitemizi aktif olarak revize ediyoruz. Bu revizyon s\u00fcrecinde, hen\u00fcz engelsiz eri\u015filebilir olmayan i\u00e7erik ve fonksiyonlar\u0131n 2025 y\u0131l\u0131 i\u00e7inde g\u00f6zden ge\u00e7irilip d\u00fczeltilmesi planlanmaktad\u0131r, b\u00f6ylece t\u00fcm \u00f6nemli i\u00e7erikler tamamen engelsiz eri\u015filebilir hale getirilecektir. <\/p><p><strong>Bu beyan\u0131n olu\u015fturulmas\u0131<\/strong><\/p><p>Bu beyan, 02.10.2025 tarihinde haz\u0131rlanm\u0131\u015f olup, en son 02.10.2025 tarihinde incelenmi\u015ftir. Bu beyandaki de\u011ferlendirmelerimiz, sunulan i\u00e7eriklerin kurum i\u00e7i \u00f6z de\u011ferlendirmesine dayanmaktad\u0131r. <\/p><p><strong>\u0130leti\u015fim ve geri bildirim<\/strong><\/p><p>Web sitemizde eri\u015fim engelleri mi saptad\u0131n\u0131z veya dijital eri\u015filebilirlik hakk\u0131nda bilgi mi almak istiyorsunuz? O halde a\u015fa\u011f\u0131daki ileti\u015fim bilgilerini kullanarak bizimle ileti\u015fime ge\u00e7ebilirsiniz: <\/p><p style=\"text-align: center;\">SHS<br>Strukturholding Saar GmbH<br>Abteilung \u00d6ffentlichkeitsarbeit\/Halkla \u0130li\u015fkiler B\u00f6l\u00fcm\u00fc<br>Balthasar-Goldstein-Stra\u00dfe 31<br>66131 Saarbr\u00fccken\/Almanya<br>E-posta: <a href=\"mailto:service@germanys.saarland\">service@germanys.saarland<\/a><br>Telefon: +49 6893\/9899 600<\/p><p><strong>Uygulama prosed\u00fcr\u00fc<br>(SBGG madde 12, no. 2 ve BITV 2.0 uyar\u0131nca engelsiz eri\u015filebilirlik ile ilgili) <\/strong><\/p><p>Engelsiz eri\u015filebilirlik ile ilgili bir iste\u011finize verilen yan\u0131t\u0131 tatmin edici bulmad\u0131\u011f\u0131n\u0131z takdirde Saarland Eyaleti yetkili Uygulama Dairesine ba\u015fvurabilirsiniz:<\/p><p style=\"text-align: center;\">\u00c7al\u0131\u015fma, Sosyal G\u00fcvenlik, Kad\u0131n Haklar\u0131 ve Sa\u011fl\u0131k Bakanl\u0131\u011f\u0131 \u2013 Dijital Eri\u015filebilirlik Uygulama Dairesi<br>Franz-Josef-R\u00f6der-Stra\u00dfe 23<br>66119 Saarbr\u00fccken<br>E-posta: <a href=\"mailto:barrierefreiheit@soziales.saarland.de\">barrierefreiheit@soziales.saarland.de<\/a><br>\u0130nternet: <a href=\"https:\/\/www.saarland.de\/masfg\/DE\/portale\/sozialesleben\/leistungensoziales\/landesfachstelle_barrierefreiheit\">https:\/\/www.saarland.de\/masfg\/DE\/portale\/sozialesleben\/<br>leistungensoziales\/landesfachstelle_barrierefreiheit<\/a><\/p>\t\t\t\t\t\t\t\t<\/div>\n\t\t\t\t<\/div>\n\t\t\t\t\t<\/div>\n\t\t\t\t<\/div>\n\t\t\t\t<\/div>\n\t\t","protected":false},"excerpt":{"rendered":"<p>Engelsiz eri\u015filebilirlik beyan\u0131 SHS Strukturholding Saar GmbH (bundan b\u00f6yle: &#8220;SHS&#8221;), germanys.saarland web sitesini Avrupa Birli\u011fi standard\u0131 EN 301 549 ve SBGG (Cinsiyet Kayd\u0131na ili\u015fkin Ki\u015fisel Karar Verme Hakk\u0131na dair Yasa) madde 12, no. 2 ve BITV (Engelsiz Eri\u015filebilir Bilgi Teknolojisine ili\u015fkin Y\u00f6netmelik) 2.0 h\u00fck\u00fcmlerine uygun olarak engelsiz eri\u015filebilir k\u0131lmak i\u00e7in \u00e7aba g\u00f6stermektedir. Verilen hizmetin tan\u0131m\u0131 [&hellip;]<\/p>\n","protected":false},"author":1,"featured_media":0,"parent":0,"menu_order":0,"comment_status":"closed","ping_status":"closed","template":"","meta":{"_acf_changed":false,"footnotes":""},"class_list":["post-9735","page","type-page","status-publish","hentry"],"acf":[],"yoast_head":"<!-- This site is optimized with the Yoast SEO plugin v27.3 - https:\/\/yoast.com\/product\/yoast-seo-wordpress\/ -->\n<title>Engelsiz eri\u015filebilirlik beyan\u0131 | GW Saarland<\/title>\n<meta name=\"robots\" content=\"index, follow, max-snippet:-1, max-image-preview:large, max-video-preview:-1\" \/>\n<link rel=\"canonical\" href=\"https:\/\/germanys.saarland\/barrierefreiheitserklaerung\/\" \/>\n<meta property=\"og:locale\" content=\"tr_TR\" \/>\n<meta property=\"og:type\" content=\"article\" \/>\n<meta property=\"og:title\" content=\"Engelsiz eri\u015filebilirlik beyan\u0131 | GW Saarland\" \/>\n<meta property=\"og:description\" content=\"Engelsiz eri\u015filebilirlik beyan\u0131 SHS Strukturholding Saar GmbH (bundan b\u00f6yle: &#8220;SHS&#8221;), germanys.saarland web sitesini Avrupa Birli\u011fi standard\u0131 EN 301 549 ve SBGG (Cinsiyet Kayd\u0131na ili\u015fkin Ki\u015fisel Karar Verme Hakk\u0131na dair Yasa) madde 12, no. 2 ve BITV (Engelsiz Eri\u015filebilir Bilgi Teknolojisine ili\u015fkin Y\u00f6netmelik) 2.0 h\u00fck\u00fcmlerine uygun olarak engelsiz eri\u015filebilir k\u0131lmak i\u00e7in \u00e7aba g\u00f6stermektedir. Verilen hizmetin tan\u0131m\u0131 [&hellip;]\" \/>\n<meta property=\"og:url\" content=\"https:\/\/germanys.saarland\/barrierefreiheitserklaerung\/\" \/>\n<meta property=\"og:site_name\" content=\"GW Saarland\" \/>\n<meta property=\"article:publisher\" content=\"https:\/\/www.facebook.com\/germanys.saarland\/\" \/>\n<meta property=\"article:modified_time\" content=\"2026-04-01T13:47:00+00:00\" \/>\n<meta name=\"twitter:card\" content=\"summary_large_image\" \/>\n<meta name=\"twitter:label1\" content=\"Tahmini okuma s\u00fcresi\" \/>\n\t<meta name=\"twitter:data1\" content=\"6 dakika\" \/>\n<script type=\"application\/ld+json\" class=\"yoast-schema-graph\">{\"@context\":\"https:\\\/\\\/schema.org\",\"@graph\":[{\"@type\":\"WebPage\",\"@id\":\"https:\\\/\\\/germanys.saarland\\\/barrierefreiheitserklaerung\\\/\",\"url\":\"https:\\\/\\\/germanys.saarland\\\/barrierefreiheitserklaerung\\\/\",\"name\":\"Engelsiz eri\u015filebilirlik beyan\u0131 | GW Saarland\",\"isPartOf\":{\"@id\":\"https:\\\/\\\/germanys.saarland\\\/en\\\/#website\"},\"datePublished\":\"2025-10-15T11:09:55+00:00\",\"dateModified\":\"2026-04-01T13:47:00+00:00\",\"breadcrumb\":{\"@id\":\"https:\\\/\\\/germanys.saarland\\\/barrierefreiheitserklaerung\\\/#breadcrumb\"},\"inLanguage\":\"tr\",\"potentialAction\":[{\"@type\":\"ReadAction\",\"target\":[\"https:\\\/\\\/germanys.saarland\\\/barrierefreiheitserklaerung\\\/\"]}]},{\"@type\":\"BreadcrumbList\",\"@id\":\"https:\\\/\\\/germanys.saarland\\\/barrierefreiheitserklaerung\\\/#breadcrumb\",\"itemListElement\":[{\"@type\":\"ListItem\",\"position\":1,\"name\":\"Startseite\",\"item\":\"https:\\\/\\\/germanys.saarland\\\/\"},{\"@type\":\"ListItem\",\"position\":2,\"name\":\"Engelsiz eri\u015filebilirlik beyan\u0131\"}]},{\"@type\":\"WebSite\",\"@id\":\"https:\\\/\\\/germanys.saarland\\\/en\\\/#website\",\"url\":\"https:\\\/\\\/germanys.saarland\\\/en\\\/\",\"name\":\"Germanys Saarland\",\"description\":\"\",\"publisher\":{\"@id\":\"https:\\\/\\\/germanys.saarland\\\/en\\\/#organization\"},\"potentialAction\":[{\"@type\":\"SearchAction\",\"target\":{\"@type\":\"EntryPoint\",\"urlTemplate\":\"https:\\\/\\\/germanys.saarland\\\/en\\\/?s={search_term_string}\"},\"query-input\":{\"@type\":\"PropertyValueSpecification\",\"valueRequired\":true,\"valueName\":\"search_term_string\"}}],\"inLanguage\":\"tr\"},{\"@type\":\"Organization\",\"@id\":\"https:\\\/\\\/germanys.saarland\\\/en\\\/#organization\",\"name\":\"Germanys Saarland\",\"url\":\"https:\\\/\\\/germanys.saarland\\\/en\\\/\",\"logo\":{\"@type\":\"ImageObject\",\"inLanguage\":\"tr\",\"@id\":\"https:\\\/\\\/germanys.saarland\\\/en\\\/#\\\/schema\\\/logo\\\/image\\\/\",\"url\":\"https:\\\/\\\/germanys.saarland\\\/wp-content\\\/uploads\\\/gwsaar-logo-neu.png\",\"contentUrl\":\"https:\\\/\\\/germanys.saarland\\\/wp-content\\\/uploads\\\/gwsaar-logo-neu.png\",\"width\":600,\"height\":134,\"caption\":\"Germanys Saarland\"},\"image\":{\"@id\":\"https:\\\/\\\/germanys.saarland\\\/en\\\/#\\\/schema\\\/logo\\\/image\\\/\"},\"sameAs\":[\"https:\\\/\\\/www.facebook.com\\\/germanys.saarland\\\/\",\"https:\\\/\\\/www.instagram.com\\\/germanys.saarland\\\/\",\"https:\\\/\\\/de.linkedin.com\\\/company\\\/gwsaar-saarland-economic-promotion-corporation\"]}]}<\/script>\n<!-- \/ Yoast SEO plugin. -->","yoast_head_json":{"title":"Engelsiz eri\u015filebilirlik beyan\u0131 | GW Saarland","robots":{"index":"index","follow":"follow","max-snippet":"max-snippet:-1","max-image-preview":"max-image-preview:large","max-video-preview":"max-video-preview:-1"},"canonical":"https:\/\/germanys.saarland\/barrierefreiheitserklaerung\/","og_locale":"tr_TR","og_type":"article","og_title":"Engelsiz eri\u015filebilirlik beyan\u0131 | GW Saarland","og_description":"Engelsiz eri\u015filebilirlik beyan\u0131 SHS Strukturholding Saar GmbH (bundan b\u00f6yle: &#8220;SHS&#8221;), germanys.saarland web sitesini Avrupa Birli\u011fi standard\u0131 EN 301 549 ve SBGG (Cinsiyet Kayd\u0131na ili\u015fkin Ki\u015fisel Karar Verme Hakk\u0131na dair Yasa) madde 12, no. 2 ve BITV (Engelsiz Eri\u015filebilir Bilgi Teknolojisine ili\u015fkin Y\u00f6netmelik) 2.0 h\u00fck\u00fcmlerine uygun olarak engelsiz eri\u015filebilir k\u0131lmak i\u00e7in \u00e7aba g\u00f6stermektedir. Verilen hizmetin tan\u0131m\u0131 [&hellip;]","og_url":"https:\/\/germanys.saarland\/barrierefreiheitserklaerung\/","og_site_name":"GW Saarland","article_publisher":"https:\/\/www.facebook.com\/germanys.saarland\/","article_modified_time":"2026-04-01T13:47:00+00:00","twitter_card":"summary_large_image","twitter_misc":{"Tahmini okuma s\u00fcresi":"6 dakika"},"schema":{"@context":"https:\/\/schema.org","@graph":[{"@type":"WebPage","@id":"https:\/\/germanys.saarland\/barrierefreiheitserklaerung\/","url":"https:\/\/germanys.saarland\/barrierefreiheitserklaerung\/","name":"Engelsiz eri\u015filebilirlik beyan\u0131 | GW Saarland","isPartOf":{"@id":"https:\/\/germanys.saarland\/en\/#website"},"datePublished":"2025-10-15T11:09:55+00:00","dateModified":"2026-04-01T13:47:00+00:00","breadcrumb":{"@id":"https:\/\/germanys.saarland\/barrierefreiheitserklaerung\/#breadcrumb"},"inLanguage":"tr","potentialAction":[{"@type":"ReadAction","target":["https:\/\/germanys.saarland\/barrierefreiheitserklaerung\/"]}]},{"@type":"BreadcrumbList","@id":"https:\/\/germanys.saarland\/barrierefreiheitserklaerung\/#breadcrumb","itemListElement":[{"@type":"ListItem","position":1,"name":"Startseite","item":"https:\/\/germanys.saarland\/"},{"@type":"ListItem","position":2,"name":"Engelsiz eri\u015filebilirlik beyan\u0131"}]},{"@type":"WebSite","@id":"https:\/\/germanys.saarland\/en\/#website","url":"https:\/\/germanys.saarland\/en\/","name":"Germanys Saarland","description":"","publisher":{"@id":"https:\/\/germanys.saarland\/en\/#organization"},"potentialAction":[{"@type":"SearchAction","target":{"@type":"EntryPoint","urlTemplate":"https:\/\/germanys.saarland\/en\/?s={search_term_string}"},"query-input":{"@type":"PropertyValueSpecification","valueRequired":true,"valueName":"search_term_string"}}],"inLanguage":"tr"},{"@type":"Organization","@id":"https:\/\/germanys.saarland\/en\/#organization","name":"Germanys Saarland","url":"https:\/\/germanys.saarland\/en\/","logo":{"@type":"ImageObject","inLanguage":"tr","@id":"https:\/\/germanys.saarland\/en\/#\/schema\/logo\/image\/","url":"https:\/\/germanys.saarland\/wp-content\/uploads\/gwsaar-logo-neu.png","contentUrl":"https:\/\/germanys.saarland\/wp-content\/uploads\/gwsaar-logo-neu.png","width":600,"height":134,"caption":"Germanys Saarland"},"image":{"@id":"https:\/\/germanys.saarland\/en\/#\/schema\/logo\/image\/"},"sameAs":["https:\/\/www.facebook.com\/germanys.saarland\/","https:\/\/www.instagram.com\/germanys.saarland\/","https:\/\/de.linkedin.com\/company\/gwsaar-saarland-economic-promotion-corporation"]}]}},"_links":{"self":[{"href":"https:\/\/germanys.saarland\/tr\/wp-json\/wp\/v2\/pages\/9735","targetHints":{"allow":["GET"]}}],"collection":[{"href":"https:\/\/germanys.saarland\/tr\/wp-json\/wp\/v2\/pages"}],"about":[{"href":"https:\/\/germanys.saarland\/tr\/wp-json\/wp\/v2\/types\/page"}],"author":[{"embeddable":true,"href":"https:\/\/germanys.saarland\/tr\/wp-json\/wp\/v2\/users\/1"}],"replies":[{"embeddable":true,"href":"https:\/\/germanys.saarland\/tr\/wp-json\/wp\/v2\/comments?post=9735"}],"version-history":[{"count":1,"href":"https:\/\/germanys.saarland\/tr\/wp-json\/wp\/v2\/pages\/9735\/revisions"}],"predecessor-version":[{"id":9736,"href":"https:\/\/germanys.saarland\/tr\/wp-json\/wp\/v2\/pages\/9735\/revisions\/9736"}],"wp:attachment":[{"href":"https:\/\/germanys.saarland\/tr\/wp-json\/wp\/v2\/media?parent=9735"}],"curies":[{"name":"wp","href":"https:\/\/api.w.org\/{rel}","templated":true}]}}